{"id":1001,"date":"2025-02-12T17:23:11","date_gmt":"2025-02-12T17:23:11","guid":{"rendered":"https:\/\/dkarekultur.com\/?page_id=1001"},"modified":"2025-02-18T14:25:33","modified_gmt":"2025-02-18T14:25:33","slug":"kvkk-aydinlatma-metni","status":"publish","type":"page","link":"https:\/\/dkarekultur.com\/en\/kvkk-aydinlatma-metni\/","title":{"rendered":"KVKK Ayd\u0131nlatma Metni"},"content":{"rendered":"<div id=\"text-1338691751\" class=\"text\">\n\t\t\n\n<h2 class=\"uppercase\" style=\"text-align: center;\">KVKK Ayd\u0131nlatma Metni<\/h2>\n\t\t\n<style>\n#text-1338691751 {\n  font-size: 1.1rem;\n}\n<\/style>\n\t<\/div>\n\t\n\t<div id=\"gap-630521181\" class=\"gap-element clearfix\" style=\"display:block; height:auto;\">\n\t\t\n<style>\n#gap-630521181 {\n  padding-top: 10px;\n}\n<\/style>\n\t<\/div>\n\t\n\n<p>De\u011ferli Kullan\u0131c\u0131lar ve Ziyaret\u00e7iler,<\/p>\n<p>\u0130\u015fbu Ayd\u0131nlatma Metni, sitemizin ger\u00e7ek\/t\u00fczel ki\u015fi \u00fcyelerini, hizmet almak isteyen vatanda\u015flar\u0131 ve sitemiz ziyaret\u00e7ilerini bilgilendirmek amac\u0131yla kaleme al\u0131nm\u0131\u015ft\u0131r<\/p>\n<p>Ki\u015fisel verileriniz; 6698 say\u0131l\u0131 Ki\u015fisel Verilerin Korunmas\u0131 Kanunu (\u201cKanun\u201d) uyar\u0131nca veri sorumlusu olarak D Kare K\u00fclt\u00fcr Sanat Organizasyon San. Ve Tic. Ltd. \u015eti. taraf\u0131ndan a\u015fa\u011f\u0131da a\u00e7\u0131klanan kapsamda i\u015flenebilecektir.<\/p>\n<p>\u00dcyelerimiz, \u00fcye ile ba\u011flant\u0131l\u0131 ki\u015filer, hizmet alan vatanda\u015flar ve ziyaret\u00e7iler taraf\u0131ndan firmam\u0131za verilen veya bunlardan edinilen ki\u015fisel verilerin korunmas\u0131 i\u00e7in, firmam\u0131z ad\u0131na veri i\u015fleyen kurulu\u015flar taraf\u0131ndan, teknolojik imkanlar ve maliyet unsurlar\u0131 dahilinde uygun teknik ve idari tedbirleri al\u0131nm\u0131\u015ft\u0131r. Ki\u015fisel verilerinizin i\u015flenme ama\u00e7lar\u0131 konusunda detayl\u0131 bilgilere; www.dkarekultur.com adresli web sitesinde yay\u0131nlanan Ki\u015fisel Verilerin Korunmas\u0131 ve \u0130\u015flenmesi Politikas\u0131\u2019ndan ula\u015fabilirsiniz.<\/p>\n<h2>1. Ki\u015fisel Verilerin \u0130\u015flenme Amac\u0131<\/h2>\n<ul>\n<li>Ki\u015fisel verileriniz, <a href=\"https:\/\/dkarekultur.com\/en\/\">dkarekultur.com<\/a> uzant\u0131l\u0131 internet sitemiz, \u00e7a\u011fr\u0131 merkezimiz, e-posta, SMS kanal\u0131yla ya da hizmet ve \u00fcr\u00fcn temini esnas\u0131nda sizin iste\u011finiz ile ve\/veya internet sitemizi ziyaret etti\u011finiz s\u0131rada sistemlerimizin sizi otomatik olarak tan\u0131mas\u0131na yarayan ve \u201ccookies\u201d olarak adland\u0131r\u0131lan teknik ileti\u015fim dosyalar\u0131, yaz\u0131l\u0131 formlar gibi \u00e7e\u015fitli di\u011fer usullerle s\u00f6zl\u00fc, yaz\u0131l\u0131 veya elektronik ortamda olmak kayd\u0131yla \u00e7e\u015fitli y\u00f6ntemlerle toplanmaktad\u0131r.<\/li>\n<li>Ki\u015fisel verileriniz, m\u00fc\u015fterilerimizin a\u00e7\u0131k r\u0131zalar\u0131 ve 6698 say\u0131l\u0131 Ki\u015fisel Verilerin Korunmas\u0131 Kanunu\u2019nun 5. maddesinde belirtilen hukuki sebeplere dayan\u0131larak temel hak ve \u00f6zg\u00fcrl\u00fcklerine zarar vermemek kayd\u0131yla, me\u015fru menfaatimiz i\u00e7in veri i\u015flenmesinin zorunlu olmas\u0131 hukuki sebebi ile i\u015flenmektedir.<\/li>\n<li>Taraf\u0131n\u0131za ticari elektronik ileti g\u00f6nderimi i\u00e7in izin vermeniz halinde ger\u00e7ekle\u015ftirilecek olan ki\u015fisel veri i\u015fleme faaliyeti Kanun\u2019un m. 5\/1 h\u00fckm\u00fc uyar\u0131nca a\u00e7\u0131k r\u0131za al\u0131nmas\u0131 hukuki sebebi uyar\u0131nca ger\u00e7ekle\u015ftirilecektir.<\/li>\n<\/ul>\n<h2>2. Ki\u015fisel Verilerin \u00dc\u00e7\u00fcnc\u00fc Ki\u015filere Aktar\u0131m\u0131<\/h2>\n<p>Ki\u015fisel verileriniz \u015eirketimiz taraf\u0131ndan a\u015fa\u011f\u0131daki ama\u00e7larla KVKK\u2019n\u0131n 5. ve 6. maddelerinde belirtilen ki\u015fisel veri i\u015fleme \u015fartlar\u0131 ve ama\u00e7lar\u0131 kapsam\u0131nda i\u015flenecektir:<\/p>\n<ol>\n<li>\u015eirketimiz taraf\u0131ndan sunulan \u00fcr\u00fcn ve hizmetleri tan\u0131tmak, \u00fcye ve\/veya m\u00fc\u015fterileri tan\u0131mak, ileti\u015fimi artt\u0131rmak, imaj\u0131 artt\u0131rmak, \u00fcr\u00fcn, hizmet ve ileti\u015fimini geli\u015ftirmek, \u00fcyeye \u00f6zel promosyon\/tan\u0131t\u0131m\/kampanya ve duyurular haz\u0131rlamak ve g\u00f6ndermek,<\/li>\n<li>\u015eirket taraf\u0131ndan y\u00fcr\u00fct\u00fclen ticari faaliyetlerin ger\u00e7ekle\u015ftirilmesi i\u00e7in ilgili i\u015f birimlerimiz taraf\u0131ndan gerekli \u00e7al\u0131\u015fmalar\u0131n yap\u0131lmas\u0131 ve buna ba\u011fl\u0131 i\u015f s\u00fcre\u00e7lerinin y\u00fcr\u00fct\u00fclmesini sa\u011flamak,<\/li>\n<li>\u015eirket\u2019in ticari ve\/veya i\u015f stratejilerini planlamak ve icras\u0131n\u0131 ger\u00e7ekle\u015ftirmek,<\/li>\n<li>\u015eirket portf\u00f6y\u00fcndeki hizmet ve \u00fcr\u00fcnlerin tan\u0131t\u0131m\u0131 i\u00e7in gerekli faaliyetlerinin planlanmas\u0131 ve ger\u00e7ekle\u015ftirilmesi amac\u0131yla ileti\u015fim kurulmas\u0131,<\/li>\n<li>M\u00fc\u015fteri talep ve \u015fik\u00e2yetlerinin toplanmas\u0131 ve konunun gerekli \u015firket i\u00e7i birimlere veya 3. taraflara iletilerek \u00e7\u00f6z\u00fcm\u00fcn sa\u011flanmas\u0131 ve raporlanmas\u0131,<\/li>\n<li>M\u00fc\u015fteri kullan\u0131m\u0131na sunulan hizmet ve \u00fcr\u00fcn kalitesinin incelenmesi amac\u0131yla izleme ve kontrollerinin ger\u00e7ekle\u015ftirilmesi, sorunlar\u0131n tespiti, \u00e7\u00f6z\u00fcm\u00fc ve raporlanmas\u0131,\u00a0<\/li>\n<li>Ki\u015fiselle\u015ftirilmi\u015f al\u0131\u015fveri\u015f hizmeti sunmak (m\u00fc\u015fteri anketi, m\u00fc\u015fteri memnuniyeti uygulama ve bilgilendirmelerini yapabilmek, denetim, veri analizi, ara\u015ft\u0131rma, istatistiksel \u00e7al\u0131\u015fma, trendleri anlama, pazarlama ve reklam hizmetlerinde kullanmak),<\/li>\n<li>M\u00fc\u015fteri memnuniyeti amac\u0131yla kutlamak yapmak,<\/li>\n<li>Hukuken yetkili Kamu veya \u00d6zel Kurum ve Kurulu\u015flar, Noterlik, Mahkeme, Savc\u0131l\u0131klar ve ilgili kamu kurulu\u015flar\u0131na bildirim zorunlulu\u011fu ve \u015eirketimizin her t\u00fcrl\u00fc yasal merci nezdinde y\u00fck\u00fcml\u00fcl\u00fcklerin yerine getirilmesi,<\/li>\n<li>Sair her t\u00fcrl\u00fc yasal zorunluluklar\u0131 yerine getirmek.<\/li>\n<\/ol>\n<h2>3. Ki\u015fisel Verilerin Kimlere Ve Hangi Ama\u00e7larla Aktar\u0131labilece\u011fi<\/h2>\n<p>Ki\u015fisel verileriniz, \u015eirketimizin ticari olarak varl\u0131\u011f\u0131n\u0131 s\u00fcrd\u00fcrebilmesi ve yukar\u0131da belirtilen ama\u00e7lar\u0131n ger\u00e7ekle\u015ftirilmesi amac\u0131yla KVKK\u2019n\u0131n 8. ve 9. maddelerinde belirtilen ki\u015fisel veri i\u015fleme \u015fartlar\u0131\u00a0ve ama\u00e7lar\u0131 \u00e7er\u00e7evesinde gerekli olmas\u0131 halinde;<\/p>\n<ol>\n<li>Hissedarlar\u0131m\u0131za ve \u015firket yetkililerimize,<\/li>\n<li>\u015eirketimizin ba\u011f\u0131ms\u0131z denet\u00e7ilerine, mali m\u00fc\u015favirlerine, dan\u0131\u015fmanlar\u0131na, avukatlar\u0131na, bu bahsi ge\u00e7en taraflar\u0131n yetkili \u00e7al\u0131\u015fanlar\u0131na,<\/li>\n<li>Adli ve idari makamlara, hukuken yetkili kamu ve \u00f6zel kurum ve kurulu\u015flar\u0131na,<\/li>\n<li>\u0130\u015fin y\u00fcr\u00fct\u00fclmesi ve geli\u015ftirilmesi amac\u0131yla i\u015fbirli\u011fi yapm\u0131\u015f oldu\u011fumuz yapt\u0131\u011f\u0131m\u0131z ki\u015fi ve \u015firketlere aktar\u0131labilecektir.<\/li>\n<\/ol>\n<h2>4. Veri Sahibi (<a href=\"https:\/\/dkarekultur.com\/en\/\">www.dkarekultur.com<\/a> )\u2019un Sahip Oldu\u011fu Haklar<\/h2>\n<p>Ki\u015fisel veri sahibi (\u0130lgili Ki\u015fi) olarak Kanun\u2019un 11. maddesi uyar\u0131nca a\u015fa\u011f\u0131daki haklara sahip oldu\u011funuzu bildiririz:<\/p>\n<ul>\n<li>Ki\u015fisel veri i\u015flenip i\u015flenmedi\u011fini \u00f6\u011frenme,<\/li>\n<li>Ki\u015fisel verileri i\u015flenmi\u015fse buna ili\u015fkin bilgi talep etme,<\/li>\n<li>Ki\u015fisel verilerin i\u015flenme amac\u0131n\u0131 ve bunlar\u0131n amac\u0131na uygun kullan\u0131l\u0131p kullan\u0131lmad\u0131\u011f\u0131n\u0131 \u00f6\u011frenme,<\/li>\n<li>Yurt i\u00e7inde veya yurt d\u0131\u015f\u0131nda ki\u015fisel verilerin aktar\u0131ld\u0131\u011f\u0131 \u00fc\u00e7\u00fcnc\u00fc ki\u015fileri bilme,<\/li>\n<li>Ki\u015fisel verilerin eksik veya yanl\u0131\u015f i\u015flenmi\u015f olmas\u0131 h\u00e2linde bunlar\u0131n d\u00fczeltilmesini isteme ve bu kapsamda yap\u0131lan i\u015flemin ki\u015fisel verilerin aktar\u0131ld\u0131\u011f\u0131 \u00fc\u00e7\u00fcnc\u00fc ki\u015filere bildirilmesini isteme,<\/li>\n<li>Kanun\u00a0ve ilgili di\u011fer kanun h\u00fck\u00fcmlerine uygun olarak i\u015flenmi\u015f olmas\u0131na ra\u011fmen, i\u015flenmesini gerektiren sebeplerin ortadan kalkmas\u0131 h\u00e2linde ki\u015fisel verilerin silinmesini veya yok edilmesini isteme ve bu kapsamda yap\u0131lan i\u015flemin ki\u015fisel verilerin aktar\u0131ld\u0131\u011f\u0131 \u00fc\u00e7\u00fcnc\u00fc ki\u015filere bildirilmesini isteme,<\/li>\n<li>\u0130\u015flenen verilerin m\u00fcnhas\u0131ran otomatik sistemler vas\u0131tas\u0131yla analiz edilmesi suretiyle ki\u015finin kendisi aleyhine bir sonucun ortaya \u00e7\u0131kmas\u0131na itiraz etme,<\/li>\n<li>Ki\u015fisel verilerin kanuna ayk\u0131r\u0131 olarak i\u015flenmesi sebebiyle zarara u\u011framas\u0131 h\u00e2linde zarar\u0131n giderilmesini talep etme.<\/li>\n<\/ul>\n<p>Ki\u015fisel veri sahibi \u201c\u0130lgili Ki\u015fi\u201d, Ki\u015fisel Verilerin Korunmas\u0131 Kanunu\u2019nun 11. maddesinde yer verilen haklar\u0131n\u0131 ve taleplerini\u00a0info@dkarekultur.com\u00a0uzant\u0131l\u0131 e-posta adresine yer verilen usule uygun olarak doldurmak suretiyle bildirebilecektir.\u00a0<\/p>\n<p>\u0130leti\u015fim:<\/p>\n<p>Uncubozk\u00f6y M. 5527 S. No:17\/5 Yunusemre \/ Manisa<\/p>\n<p><a href=\"mailto:info@dkarekultur.com\">info@dkarekultur.com<\/a><\/p>","protected":false},"excerpt":{"rendered":"","protected":false},"author":1,"featured_media":0,"parent":0,"menu_order":0,"comment_status":"closed","ping_status":"open","template":"","meta":{"_uag_custom_page_level_css":"","footnotes":""},"class_list":["post-1001","page","type-page","status-publish","hentry"],"uagb_featured_image_src":{"full":false,"thumbnail":false,"medium":false,"medium_large":false,"large":false,"1536x1536":false,"2048x2048":false,"trp-custom-language-flag":false,"woocommerce_thumbnail":false,"woocommerce_single":false,"woocommerce_gallery_thumbnail":false},"uagb_author_info":{"display_name":"berrinoku","author_link":"https:\/\/dkarekultur.com\/en\/author\/berrinoku\/"},"uagb_comment_info":0,"uagb_excerpt":null,"jetpack_sharing_enabled":true,"_links":{"self":[{"href":"https:\/\/dkarekultur.com\/en\/wp-json\/wp\/v2\/pages\/1001","targetHints":{"allow":["GET"]}}],"collection":[{"href":"https:\/\/dkarekultur.com\/en\/wp-json\/wp\/v2\/pages"}],"about":[{"href":"https:\/\/dkarekultur.com\/en\/wp-json\/wp\/v2\/types\/page"}],"author":[{"embeddable":true,"href":"https:\/\/dkarekultur.com\/en\/wp-json\/wp\/v2\/users\/1"}],"replies":[{"embeddable":true,"href":"https:\/\/dkarekultur.com\/en\/wp-json\/wp\/v2\/comments?post=1001"}],"version-history":[{"count":8,"href":"https:\/\/dkarekultur.com\/en\/wp-json\/wp\/v2\/pages\/1001\/revisions"}],"predecessor-version":[{"id":1386,"href":"https:\/\/dkarekultur.com\/en\/wp-json\/wp\/v2\/pages\/1001\/revisions\/1386"}],"wp:attachment":[{"href":"https:\/\/dkarekultur.com\/en\/wp-json\/wp\/v2\/media?parent=1001"}],"curies":[{"name":"wp","href":"https:\/\/api.w.org\/{rel}","templated":true}]}}