{"id":1011,"date":"2025-02-12T17:36:05","date_gmt":"2025-02-12T17:36:05","guid":{"rendered":"https:\/\/dkarekultur.com\/?page_id=1011"},"modified":"2025-02-18T14:10:11","modified_gmt":"2025-02-18T14:10:11","slug":"teslimat-ve-iade-sartlari","status":"publish","type":"page","link":"https:\/\/dkarekultur.com\/en\/teslimat-ve-iade-sartlari\/","title":{"rendered":"Teslimat ve \u0130ade \u015eartlar\u0131"},"content":{"rendered":"<div id=\"text-2747605978\" class=\"text\">\n\t\t\n\n<h2 style=\"text-align: center;\">TESL\u0130MAT VE \u0130ADE KO\u015eULLARI<\/h2>\n\t\t\n<style>\n#text-2747605978 {\n  font-size: 1.1rem;\n}\n<\/style>\n\t<\/div>\n\t\n\t<div id=\"gap-1603163422\" class=\"gap-element clearfix\" style=\"display:block; height:auto;\">\n\t\t\n<style>\n#gap-1603163422 {\n  padding-top: 10px;\n}\n<\/style>\n\t<\/div>\n\t\n\n<h2>\u00dcr\u00fcn Teslimat S\u00fcresi<\/h2>\n<p><a href=\"https:\/\/dkarekultur.com\/en\/\">www.dkarekultur.com<\/a> \u2018dan yapaca\u011f\u0131n\u0131z al\u0131\u015fveri\u015f lojistik partnerimiz Yurti\u00e7i Kargo g\u00fcvencesiyle h\u0131zla kap\u0131n\u0131za ula\u015facakt\u0131r. Sipari\u015finizin onay\u0131na m\u00fcteakip ayn\u0131 g\u00fcn veya en ge\u00e7 3 g\u00fcn i\u00e7erisinde kargo \u015firketine teslim edilmektedir. Kargo \u015firketinden ya\u015fanabilecek bir aksilik, olumsuz iklim ko\u015fullar\u0131 veya m\u00fccbir bir sebep olmad\u0131k\u00e7a, teslimat s\u00fcresi 1-3 i\u015f g\u00fcn\u00fcd\u00fcr.\u00a0<\/p>\n<p>Sipari\u015flerinizin faturas\u0131n\u0131 kargo yetkilisinden almay\u0131 unutmay\u0131n\u0131z.<\/p>\n<h2>Kargo durumu<\/h2>\n<p>Sipari\u015finizin onaylanmas\u0131ndan ard\u0131ndan, kargonun durumu hakk\u0131nda bilgilendirme SMS\/ e-posta yolu ile yap\u0131lmaktad\u0131r. Verilen sipari\u015f numaras\u0131 ile de kargo firmas\u0131n\u0131n web sitesi \u00fczerinden takip edebilirsiniz.<\/p>\n<h2>\u0130PTAL VE \u0130ADE KO\u015eULLARI &#8211; CAYMA HAKKI<\/h2>\n<p>Cayma Hakk\u0131 ve \u0130ade Ko\u015fullar\u0131, 6502 Say\u0131l\u0131 T\u00fcketicinin Korunmas\u0131 Hakk\u0131nda Kanun ve Mesafeli S\u00f6zle\u015fmeler Y\u00f6netmeli\u011fi \u00e7er\u00e7evesinde d\u00fczenlenmektedir. T\u00fcketici Koruma Kanunu ve ilgili mevzuat uyar\u0131nca, t\u00fcketiciler, \u00fcr\u00fcn\u00fc teslim ald\u0131klar\u0131 tarihten itibaren\u00a014 (on d\u00f6rt) g\u00fcn\u00a0i\u00e7inde cayma haklar\u0131n\u0131 kullanabilirler.<\/p>\n<p>Sipari\u015finizi iade etmek istiyorsan\u0131z, l\u00fctfen\u00a0<a href=\"mailto:info@dkarekultur.com\">info@dkarekultur.com<\/a>\u00a0\u00a0adresine e-posta g\u00f6ndererek, sipari\u015f numaran\u0131z\u0131, iade talebinizi bildiriniz.\u00a0 Sat\u0131n alm\u0131\u015f oldu\u011funuz \u00fcr\u00fcnlerin iade edilebilmesi i\u00e7in\u00a0a\u00e7\u0131lmam\u0131\u015f, hasar g\u00f6rmemi\u015f, orijinal kutu ve\/veya ambalaj\u00a0ve faturas\u0131 ile birlikte g\u00f6nderilmesi gerekmektedir. \u0130ade i\u015flemlerinde \u00fcr\u00fcn \u00fccreti iade edilir ancak\u00a0kargo \u00fccreti iade edilmemektedir.\u00a0\u0130ade kargo \u00fccreti sadece ay\u0131pl\u0131 \u00fcr\u00fcnler i\u00e7in ge\u00e7erlidir.<\/p>\n<p>\u0130ade etmek istedi\u011finiz \u00fcr\u00fcn\u00fcn faturas\u0131\u00a0vergi m\u00fckellefi olan bir ticari i\u015fletmeye\u00a0kesilmi\u015fse, iade i\u015flemi i\u00e7in al\u0131c\u0131 taraf\u0131ndan bir\u00a0iade faturas\u0131\u00a0d\u00fczenlenmelidir. \u00dcr\u00fcn\u00fc, d\u00fczenlenen bu iade faturas\u0131 ile birlikte g\u00f6ndermeniz gerekmektedir. \u0130ade faturas\u0131,\u00a0kargo \u00fccreti hari\u00e7\u00a0tutularak (yaln\u0131zca \u00fcr\u00fcn birim fiyat\u0131 + KDV) d\u00fczenlenmelidir. Faturada,\u00a0iade amac\u0131yla d\u00fczenlendi\u011fi\u00a0a\u00e7\u0131k\u00e7a belirtilmelidir.<\/p>","protected":false},"excerpt":{"rendered":"","protected":false},"author":1,"featured_media":0,"parent":0,"menu_order":0,"comment_status":"closed","ping_status":"open","template":"","meta":{"_uag_custom_page_level_css":"","footnotes":""},"class_list":["post-1011","page","type-page","status-publish","hentry"],"uagb_featured_image_src":{"full":false,"thumbnail":false,"medium":false,"medium_large":false,"large":false,"1536x1536":false,"2048x2048":false,"trp-custom-language-flag":false,"woocommerce_thumbnail":false,"woocommerce_single":false,"woocommerce_gallery_thumbnail":false},"uagb_author_info":{"display_name":"berrinoku","author_link":"https:\/\/dkarekultur.com\/en\/author\/berrinoku\/"},"uagb_comment_info":0,"uagb_excerpt":null,"jetpack_sharing_enabled":true,"_links":{"self":[{"href":"https:\/\/dkarekultur.com\/en\/wp-json\/wp\/v2\/pages\/1011","targetHints":{"allow":["GET"]}}],"collection":[{"href":"https:\/\/dkarekultur.com\/en\/wp-json\/wp\/v2\/pages"}],"about":[{"href":"https:\/\/dkarekultur.com\/en\/wp-json\/wp\/v2\/types\/page"}],"author":[{"embeddable":true,"href":"https:\/\/dkarekultur.com\/en\/wp-json\/wp\/v2\/users\/1"}],"replies":[{"embeddable":true,"href":"https:\/\/dkarekultur.com\/en\/wp-json\/wp\/v2\/comments?post=1011"}],"version-history":[{"count":13,"href":"https:\/\/dkarekultur.com\/en\/wp-json\/wp\/v2\/pages\/1011\/revisions"}],"predecessor-version":[{"id":1382,"href":"https:\/\/dkarekultur.com\/en\/wp-json\/wp\/v2\/pages\/1011\/revisions\/1382"}],"wp:attachment":[{"href":"https:\/\/dkarekultur.com\/en\/wp-json\/wp\/v2\/media?parent=1011"}],"curies":[{"name":"wp","href":"https:\/\/api.w.org\/{rel}","templated":true}]}}