{"id":1383,"date":"2025-02-18T14:12:59","date_gmt":"2025-02-18T14:12:59","guid":{"rendered":"https:\/\/dkarekultur.com\/?page_id=1383"},"modified":"2025-02-18T14:22:15","modified_gmt":"2025-02-18T14:22:15","slug":"mesafeli-satis-sozlesmesi","status":"publish","type":"page","link":"https:\/\/dkarekultur.com\/en\/mesafeli-satis-sozlesmesi\/","title":{"rendered":"Mesafeli Sat\u0131\u015f S\u00f6zle\u015fmesi"},"content":{"rendered":"<div id=\"text-3050863902\" class=\"text\">\n\t\t\n\n<h2 style=\"text-align: center;\"><strong>MESAFEL\u0130 SATI\u015e S\u00d6ZLE\u015eMES\u0130<\/strong><\/h2>\n\t\t\n<style>\n#text-3050863902 {\n  font-size: 1.1rem;\n}\n<\/style>\n\t<\/div>\n\t\n\t<div id=\"gap-1718841522\" class=\"gap-element clearfix\" style=\"display:block; height:auto;\">\n\t\t\n<style>\n#gap-1718841522 {\n  padding-top: 10px;\n}\n<\/style>\n\t<\/div>\n\t\n\n<p>\u0130\u015fbu s\u00f6zle\u015fme, sitemizdeki hizmetlerden faydalanabilmeniz ve \u00fcr\u00fcnlerimizi sat\u0131n alabilmeniz i\u00e7in gerekli kurallar\u0131 i\u00e7ermektedir. Sipari\u015f vererek, kullan\u0131c\u0131 s\u00f6zle\u015fmesini okudu\u011funuzu, h\u00fck\u00fcmlerini kabul etti\u011finizi ve onaylad\u0131\u011f\u0131n\u0131z\u0131 beyan etmi\u015f oluyorsunuz.<\/p>\n<h2>MADDE 1- TARAFLAR<\/h2>\n<p>1.1- Sat\u0131c\u0131: <a href=\"https:\/\/dkarekultur.com\/en\/\">www.dkarekultur.com<\/a> \u00a0\u2013 D Kare K\u00fclt\u00fcr Sanat Organizasyon San. Ve Tic. Ltd. \u015eti. \u2013Uncubozk\u00f6y Mah. 5527 Sok.\u00a0 No:17\/ 5\u00a0 Yunusemre \/ Manisa<\/p>\n<p>1.2- Al\u0131c\u0131: Sat\u0131c\u0131\u2019n\u0131n web sitesi kanal\u0131 ile \u00fcr\u00fcn sat\u0131n alan t\u00fczel ya da ger\u00e7ek ki\u015fi<\/p>\n<h2>MADDE 2- S\u00d6ZLE\u015eME KONUSU ve H\u0130ZMET<\/h2>\n<p>\u0130\u015fbu s\u00f6zle\u015fmenin konusu, Sat\u0131c\u0131\u2019ya ait e-ticaret hizmeti \u00fczerinden ticaret yap\u0131lmas\u0131 (\u00fcr\u00fcn sat\u0131n alma ve \u00f6deme) esnas\u0131nda verilen hizmetin, i\u015fleyi\u015fine dair taraflar\u0131n hak ve y\u00fck\u00fcml\u00fcl\u00fcklerinin saptanmas\u0131d\u0131r.<\/p>\n<p>Al\u0131c\u0131, sat\u0131\u015fa konu mal\/hizmetlerin temel nitelikleri, sat\u0131\u015f fiyat\u0131, \u00f6deme \u015fekli, teslimat ko\u015fullar\u0131 vb. sat\u0131\u015fa konu mal\/hizmet ile ilgili t\u00fcm \u00f6n bilgiler ve \u201ccayma\u201d hakk\u0131 konusunda bilgi sahibi oldu\u011funu, bu \u00f6n bilgileri elektronik ortamda teyit etti\u011fini ve sonras\u0131nda mal\/hizmeti sipari\u015f verdi\u011fini is bu s\u00f6zle\u015fme h\u00fck\u00fcmlerince kabul ve beyan eder.<\/p>\n<p>Sat\u0131c\u0131, haz\u0131rlam\u0131\u015f oldu\u011fu E-ticaret sistemi ile yap\u0131lan al\u0131\u015fveri\u015f i\u015fleminde t\u00fcm t\u00fcketici haklar\u0131n\u0131n kazan\u0131lmas\u0131 ve \u00fcr\u00fcn sonras\u0131 hizmette kanun gereklerine g\u00f6re t\u00fcketicinin desteklenmesini kabul eder.<\/p>\n<h2>MADDE 3 \u2013 S\u00d6ZLE\u015eME TAR\u0130H\u0130 VE GE\u00c7ERL\u0130L\u0130K<\/h2>\n<p>\u0130\u015fbu s\u00f6zle\u015fme Al\u0131c\u0131\u2019n\u0131n <a href=\"https:\/\/dkarekultur.com\/en\/\">www.dkarekultur.com<\/a> \u00a0internet adresli web sitesinden herhangi bir \u00fcr\u00fcn\u00fc ald\u0131\u011f\u0131nda, Al\u0131c\u0131\u2019ya onay al\u0131nd\u0131\u011f\u0131 tarihten itibaren ge\u00e7erlilik kazan\u0131r.<\/p>\n<h2>MADDE 4- GENEL H\u00dcK\u00dcMLER<\/h2>\n<p>4.1- Sat\u0131c\u0131, s\u00f6zle\u015fme konusu \u00fcr\u00fcn\u00fcn, \u00f6demesi yap\u0131ld\u0131\u011f\u0131ndan itibaren, yasal 7 i\u015f g\u00fcnl\u00fck s\u00fcreyi a\u015fmamak ko\u015fulu ile Al\u0131c\u0131\u2019ya \u00fcr\u00fcn\u00fc teslimini sa\u011flamakla m\u00fckelleftir. Herhangi bir nedenle, 3 i\u015f g\u00fcn\u00fc i\u00e7erisinde, \u00fcr\u00fcn bedeli \u00f6denmez veya banka kay\u0131tlar\u0131nda iptal edilir ise, Sat\u0131c\u0131 hizmetin verilmesi y\u00fck\u00fcml\u00fcl\u00fc\u011f\u00fcnden kurtulmu\u015f kabul edilir.<\/p>\n<p>4.2- \u00dcr\u00fcn \u015fik\u00e2yetleri ve ilgili talepler info@dkarekultur.com hesab\u0131na iletilmelidir. Sat\u0131c\u0131 b\u00fcnyesindeki sat\u0131\u015f destek ekibi, mesai saatleri i\u00e7inde gelen istek, talep ve iade bilgilerini \u00fcr\u00fcn\u00fcn garanti ko\u015fullar\u0131 i\u00e7erisinde cevaplayacakt\u0131r. Sorunlu \u00fcr\u00fcnler i\u00e7in de\u011fi\u015fim ya da iade prosed\u00fcr\u00fcndeki sorumluluklar\u0131n\u0131 yerine getirecektir.<\/p>\n<p>4.3- \u00d6demeler <a href=\"https:\/\/dkarekultur.com\/en\/\">www.dkarekultur.com<\/a> \u00a0arac\u0131l\u0131\u011f\u0131 ile anla\u015fmal\u0131 bankan\u0131n haz\u0131rlad\u0131\u011f\u0131 Kredi Kart\u0131 Sat\u0131\u015f Sistemi (taksitsiz) ya da banka EFT\/havale ile T\u00fcrk Liras\u0131 olarak yap\u0131l\u0131r. D\u00f6viz ile yap\u0131lan \u00f6demeler Merkez Bankas\u0131 efektif sat\u0131\u015f kurundan T\u00fcrk Liras\u0131\u2019na \u00e7evrilir.<\/p>\n<p>4.4- Temerr\u00fct kendili\u011finden s\u00fcre bitiminde olu\u015fmu\u015f olacakt\u0131r.<\/p>\n<p>4.5- Al\u0131c\u0131 bilgilerini Bilgilerim men\u00fcs\u00fc \u00fczerinden de\u011fi\u015ftirebilir \u015fifresi ve \u015fahsi bilgileri ile ilgili t\u00fcm sorumluluklar\u0131 kabul etmi\u015f say\u0131l\u0131r. \u015eifre \u00e7al\u0131nm\u0131\u015fsa Sat\u0131c\u0131\u2019ya bildirmekle y\u00fck\u00fcml\u00fcd\u00fcr. Aksi takdirde \u015fifresi ile yap\u0131lacak t\u00fcm \u00fcr\u00fcn sipari\u015f ve \u00f6deme bilgilerinin do\u011frulu\u011funu kabul ederek yasal sorumluluklar\u0131n\u0131 y\u00fcklenmi\u015f say\u0131l\u0131r.<\/p>\n<p>4.6- Al\u0131c\u0131, s\u00f6zle\u015fme konusu mal\/hizmeti teslim almadan \u00f6nce muayene edecek; ezik, k\u0131r\u0131k, ambalaj\u0131 y\u0131rt\u0131lm\u0131\u015f vb. hasarl\u0131 ve ay\u0131pl\u0131 mal\/hizmeti kargo \u015firketinden teslim almayacakt\u0131r. Teslim al\u0131nan mal\/hizmetin hasars\u0131z ve sa\u011flam oldu\u011fu kabul edilecektir. Teslimden sonra mal\/hizmetin \u00f6zenle korunmas\u0131 borcu, Al\u0131c\u0131\u2019ya aittir. Al\u0131c\u0131, teslim almad\u0131\u011f\u0131 mal\/hizmetin ay\u0131b\u0131n\u0131 7 i\u015f g\u00fcn\u00fcnde <a href=\"mailto:info@dkarekultur.com\">info@dkarekultur.com<\/a> adresine yaz\u0131l\u0131 olarak bildirmedi\u011fi takdirde Sat\u0131c\u0131\u2019n\u0131n Al\u0131c\u0131\u2019ya kar\u015f\u0131 ay\u0131p i\u00e7in tekeff\u00fcl borcu kalmaz. Cayma hakk\u0131 kullan\u0131lacaksa mal\/hizmet kullan\u0131lmamal\u0131d\u0131r. Fatura iade edilmelidir. Al\u0131c\u0131, kendisine teslim edilmi\u015f olmas\u0131 kayd\u0131yla mal\/hizmeti 3 (\u00dc\u00e7) g\u00fcn i\u00e7inde Sat\u0131c\u0131\u2019ya g\u00f6ndermekle y\u00fck\u00fcml\u00fcd\u00fcr. Bu takdirde teslimat giderleri Al\u0131c\u0131\u2019ya aittir.<\/p>\n<p>4.7- \u00dcr\u00fcn bedeli i\u00e7in \u00f6deme yap\u0131l\u0131ncaya kadar, hizmeti ba\u015flatmama\/durdurma hakk\u0131 Sat\u0131c\u0131`ya aittir.<\/p>\n<p>4.8- Al\u0131c\u0131\u2019n\u0131n sat\u0131\u015f i\u015flemi s\u0131ras\u0131nda belirtmi\u015f oldu\u011fu e-posta ve\/veya teslimat adresi, tebligat adresi olarak kabul edilir.<\/p>\n<p>4.9- Sat\u0131c\u0131\u2019n\u0131n Al\u0131c\u0131\u2019ya sundu\u011fu hizmette, T\u00fcrk Telekom hatlar\u0131nda, uydu, haberle\u015fme ve a\u011f sistemlerinde olabilecek ar\u0131zalardan dolay\u0131 sisteminin kesintiye u\u011framas\u0131ndan, kargo \u015firketinin sorumsuz davran\u0131\u015flar\u0131ndan do\u011fabilecek zararlardan Sat\u0131c\u0131 sorumlu tutulamaz, do\u011facak zararlar i\u00e7in Al\u0131c\u0131 hak, tazminat talep edemez.<\/p>\n<p>4.10- VPOS: Banka VPOS \u0130\u015flemleri tamamen Al\u0131c\u0131\u2019ya aittir. Sanal post kaynakl\u0131 problemlerden Sat\u0131c\u0131 sorumlu de\u011fildir.<\/p>\n<p>4.11- \u0130\u015fbu s\u00f6zle\u015fme, Al\u0131c\u0131\u2019n\u0131n sipari\u015f g\u00f6ndermesi i\u00e7in \u00f6deme an\u0131nda s\u00f6zle\u015fmeyi okudu\u011fu kabul edilerek y\u00fcr\u00fcrl\u00fc\u011fe girer ve Al\u0131c\u0131 s\u00f6zle\u015fmenin t\u00fcm ko\u015fullar\u0131n\u0131 kabul etmi\u015f say\u0131l\u0131r.<\/p>\n<h2>MADDE 5- \u00dcR\u00dcN \u00d6ZELL\u0130KLER\u0130 VE GARANT\u0130<\/h2>\n<p>5.1- Mal\/hizmetin cinsi ve t\u00fcr\u00fc, miktar\u0131, marka\/modeli, rengi ve t\u00fcm vergiler d\u00e2hil sat\u0131\u015f bedeli <a href=\"https:\/\/dkarekultur.com\/en\/\">www.dkarekultur.com<\/a> \u00a0adl\u0131 web sitesindeki mal\/hizmet tan\u0131t\u0131m sayfas\u0131nda yer alan bilgilerde ve i\u015fbu s\u00f6zle\u015fmenin ayr\u0131lmaz par\u00e7as\u0131 say\u0131lan faturada belirtildi\u011fi gibidir.<\/p>\n<p>5.2- \u00dcr\u00fcnlere ait garanti s\u00fcresi ve kullan\u0131m \u015fartlar\u0131 \u00fcr\u00fcnlerin \u00fcst\u00fcnde ve <a href=\"https:\/\/dkarekultur.com\/en\/\">www.dkarekultur.com<\/a> \u00a0web sitesinde ilgili sayfalarda mevcuttur.<\/p>\n<h2>MADDE 6- CAYMA HAKKI\/SATI\u015e \u0130PTAL\u0130<\/h2>\n<p>Cayma Hakk\u0131 ve \u0130ade Ko\u015fullar\u0131, 6502 Say\u0131l\u0131 T\u00fcketicinin Korunmas\u0131 Hakk\u0131nda Kanun ve Mesafeli S\u00f6zle\u015fmeler Y\u00f6netmeli\u011fi \u00e7er\u00e7evesinde d\u00fczenlenmektedir. T\u00fcketici Koruma Kanunu ve ilgili mevzuat uyar\u0131nca, t\u00fcketiciler, \u00fcr\u00fcn\u00fc teslim ald\u0131klar\u0131 tarihten itibaren 14 (on d\u00f6rt) g\u00fcn i\u00e7inde cayma haklar\u0131n\u0131 kullanabilirler. Cayma hakk\u0131n\u0131n kullan\u0131lmas\u0131 i\u00e7in bu s\u00fcre i\u00e7inde \u00fcr\u00fcn\u00fc sat\u0131n ald\u0131\u011f\u0131 Sat\u0131c\u0131\u2019ya, <a href=\"mailto:info@dkarekultur.com\">info@dkarekultur.com<\/a> \u00a0adresine yaz\u0131l\u0131 olarak bildirimde bulunulmas\u0131 gerekir.<\/p>\n<p>\u00dcr\u00fcn\u00fcn iade edilebilmesi i\u00e7in, tahrip edilmemi\u015f, paketi zarar g\u00f6rmemi\u015f,\u00a0kullan\u0131lmam\u0131\u015f\u00a0ve yeniden sat\u0131\u015fa uygun durumda olmas\u0131 gerekmektedir. ALICI\u2019n\u0131n kusurundan kaynaklanan bir durum s\u00f6z konusuysa, \u00fcr\u00fcnde zarar, y\u0131pranma ya da eksiklik olmas\u0131 halinde ve\/veya\u00a0\u00fcr\u00fcn a\u00e7\u0131lm\u0131\u015f veya kullan\u0131lm\u0131\u015fsa, Al\u0131c\u0131 cayma\/iptal hakk\u0131n\u0131 kullanamaz. \u00dcr\u00fcn iade ko\u015fullar\u0131na uygun olmal\u0131d\u0131r; aksi takdirde iade i\u015flemi ger\u00e7ekle\u015ftirilemez. \u0130ade \u015fartlar\u0131n\u0131 dikkate alarak, \u00fcr\u00fcnlerinizi g\u00fcvenli bir \u015fekilde iade edebilirsiniz.\u201d Cayma\/iptal hakk\u0131 kullan\u0131lmas\u0131 halinde, Al\u0131c\u0131\u2019ya verilen \u00fcr\u00fcn\u00fcn paketi ile birlikte, Sat\u0131c\u0131\u2019ya iade faturas\u0131 ya da faturan\u0131n asl\u0131n\u0131n iadesi zorunludur. Bu belgelerin ula\u015fmas\u0131n\u0131 takip eden 7 g\u00fcn i\u00e7inde \u00fcr\u00fcn bedeli Al\u0131c\u0131\u2019ya iade edilir veya talebi \u00fczerine yenisi ile de\u011fi\u015ftirilir. Fatura asl\u0131 g\u00f6nderilmezse Al\u0131c\u0131\u2019ya KDV ve varsa di\u011fer yasal y\u00fck\u00fcml\u00fcl\u00fckler iade edilemez.<\/p>\n<p>Ay\u0131pl\u0131 mal nedeni ile iade edilen durumlar hari\u00e7, mal teslimat bedeli Sat\u0131c\u0131 taraf\u0131ndan kar\u015f\u0131lanmaz.<\/p>\n<h2>MADDE 7- YETK\u0130L\u0130 MAHKEME<\/h2>\n<p>\u0130\u015fbu s\u00f6zle\u015fmenin uygulanmas\u0131nda, \u0130ZM\u0130R Mahkemeleri yetkilidir.<\/p>\n\n\n\n<p><\/p>","protected":false},"excerpt":{"rendered":"","protected":false},"author":1,"featured_media":0,"parent":0,"menu_order":0,"comment_status":"closed","ping_status":"open","template":"","meta":{"_uag_custom_page_level_css":"","footnotes":""},"class_list":["post-1383","page","type-page","status-publish","hentry"],"uagb_featured_image_src":{"full":false,"thumbnail":false,"medium":false,"medium_large":false,"large":false,"1536x1536":false,"2048x2048":false,"trp-custom-language-flag":false,"woocommerce_thumbnail":false,"woocommerce_single":false,"woocommerce_gallery_thumbnail":false},"uagb_author_info":{"display_name":"berrinoku","author_link":"https:\/\/dkarekultur.com\/en\/author\/berrinoku\/"},"uagb_comment_info":0,"uagb_excerpt":null,"jetpack_sharing_enabled":true,"_links":{"self":[{"href":"https:\/\/dkarekultur.com\/en\/wp-json\/wp\/v2\/pages\/1383","targetHints":{"allow":["GET"]}}],"collection":[{"href":"https:\/\/dkarekultur.com\/en\/wp-json\/wp\/v2\/pages"}],"about":[{"href":"https:\/\/dkarekultur.com\/en\/wp-json\/wp\/v2\/types\/page"}],"author":[{"embeddable":true,"href":"https:\/\/dkarekultur.com\/en\/wp-json\/wp\/v2\/users\/1"}],"replies":[{"embeddable":true,"href":"https:\/\/dkarekultur.com\/en\/wp-json\/wp\/v2\/comments?post=1383"}],"version-history":[{"count":2,"href":"https:\/\/dkarekultur.com\/en\/wp-json\/wp\/v2\/pages\/1383\/revisions"}],"predecessor-version":[{"id":1385,"href":"https:\/\/dkarekultur.com\/en\/wp-json\/wp\/v2\/pages\/1383\/revisions\/1385"}],"wp:attachment":[{"href":"https:\/\/dkarekultur.com\/en\/wp-json\/wp\/v2\/media?parent=1383"}],"curies":[{"name":"wp","href":"https:\/\/api.w.org\/{rel}","templated":true}]}}