{"id":724,"date":"2025-01-20T13:18:26","date_gmt":"2025-01-20T13:18:26","guid":{"rendered":"https:\/\/dkarekultur.com\/?page_id=724"},"modified":"2025-04-18T08:11:40","modified_gmt":"2025-04-18T08:11:40","slug":"neden-biz","status":"publish","type":"page","link":"https:\/\/dkarekultur.com\/en\/neden-biz\/","title":{"rendered":"Neden Biz"},"content":{"rendered":"<div class=\"banner has-hover has-parallax\" id=\"banner-1866471169\">\n          <div class=\"banner-inner fill\">\n        <div class=\"banner-bg fill\" data-parallax=\"-2\" data-parallax-container=\".banner\" data-parallax-background>\n            <img loading=\"lazy\" decoding=\"async\" width=\"1020\" height=\"772\" src=\"https:\/\/i0.wp.com\/dkarekultur.com\/wp-content\/uploads\/2025\/04\/arbequina-naturel-zeytinyagi.jpg.jpg?fit=1020%2C772&amp;ssl=1\" class=\"bg attachment-large size-large\" alt=\"\" \/>                        <div class=\"overlay\"><\/div>            \n                    <\/div>\n\t\t\n        <div class=\"banner-layers container\">\n            <div class=\"fill banner-link\"><\/div>            \n\n   <div id=\"text-box-689247364\" class=\"text-box banner-layer x50 md-x50 lg-x50 y50 md-y50 lg-y50 res-text\">\n              <div data-parallax=\"3\" data-parallax-fade=\"true\">                  <div class=\"text-box-content text dark text-shadow-5\">\n              \n              <div class=\"text-inner text-center\">\n                  \n\n<h3 class=\"uppercase\">Why Choose Us?<\/h3>\n\n              <\/div>\n           <\/div>\n              <\/div>              \n<style>\n#text-box-689247364 {\n  width: 85%;\n}\n#text-box-689247364 .text-box-content {\n  font-size: 150%;\n}\n<\/style>\n    <\/div>\n \n\n        <\/div>\n      <\/div>\n\n            \n<style>\n#banner-1866471169 {\n  padding-top: 300px;\n  background-color: rgb(0,0,0);\n}\n#banner-1866471169 .overlay {\n  background-color: rgba(48, 46, 6, 0.5);\n}\n#banner-1866471169 .banner-bg img {\n  object-position: 55% 91%;\n}\n<\/style>\n  <\/div>\n\n\n\t<div id=\"gap-2049831700\" class=\"gap-element clearfix\" style=\"display:block; height:auto;\">\n\t\t\n<style>\n#gap-2049831700 {\n  padding-top: 40px;\n}\n<\/style>\n\t<\/div>\n\t\n\n<div class=\"row align-middle align-center\"  id=\"row-501547453\">\n\n\n\t<div id=\"col-469602646\" class=\"col medium-8 small-12 large-8\"  >\n\t\t\t\t<div class=\"col-inner\"  >\n\t\t\t\n\t\t\t\n\n\t<div id=\"text-3033182305\" class=\"text nedenbiza\">\n\t\t\n\n<h2 data-line-height=\"xl\">\u00a0<\/h2>\n<p data-line-height=\"l\"><strong>The Olive Tree: A Legacy of 39,000 Years<\/strong><\/p>\n<p data-line-height=\"l\">The olive tree is more than just a plant. It symbolizes peace, art, health, faith, resilience, and traditions, serving as a cultural heritage that bridges the past and the future.<\/p>\n<p data-line-height=\"l\"><strong>Aware of this profound legacy,<\/strong><\/p>\n<p data-line-height=\"l\">we combine our deep roots with agricultural technology and soil science. Our mission is to bring the purest essence of nature, olive oil, into your life.<\/p>\n<p data-line-height=\"l\"><strong>K\u00fclt\u00fcr Olive Oil<\/strong>, is crafted with care from <strong><a href=\"https:\/\/dkarekultur.com\/en\/arbequina-naturel-sizma-zeytinyagi\/\">Arbequina<\/a> olives,<\/strong> which we cultivate with respect for nature\u2019s rhythm.<\/p>\n<p data-line-height=\"l\">Our <strong><a href=\"https:\/\/dkarekultur.com\/en\/arbequina-naturel-sizma-zeytinyagi\/\">Arbequina<\/a> olives<\/strong> <strong>are harvested before fully ripening,<\/strong> ensuring a high polyphenol content. Polyphenols are antioxidants that make olive oil healthier. <strong>Our olives, rich in powerful antioxidants,<\/strong> are processed using the cold-press method at temperatures below 27\u00b0C <strong>,<\/strong> preserving the beneficial fatty acids that support your health.<\/p>\n\t\t\t<\/div>\n\t\n\n\t\t<\/div>\n\t\t\t\t\t<\/div>\n\n\t\n\n\t<div id=\"col-2018909284\" class=\"col medium-4 small-12 large-4\"  >\n\t\t\t\t<div class=\"col-inner text-right\"  >\n\t\t\t\n\t\t\t\n\n\t<div class=\"img has-hover x md-x lg-x y md-y lg-y\" id=\"image_987599571\">\n\t\t\t\t\t\t\t\t<div class=\"img-inner dark\" >\n\t\t\t<img data-recalc-dims=\"1\" loading=\"lazy\" decoding=\"async\" width=\"490\" height=\"610\" src=\"https:\/\/i0.wp.com\/dkarekultur.com\/wp-content\/uploads\/2025\/04\/kultur-zeytinyagi-zeytin-bahcesi.jpg?resize=490%2C610&#038;ssl=1\" class=\"attachment-original size-original\" alt=\"Do\u011fal \u00fcretimin kalbi: K\u00fclt\u00fcr Zeytinya\u011f\u0131 zeytinlikleri\" srcset=\"https:\/\/i0.wp.com\/dkarekultur.com\/wp-content\/uploads\/2025\/04\/kultur-zeytinyagi-zeytin-bahcesi.jpg?w=490&amp;ssl=1 490w, https:\/\/i0.wp.com\/dkarekultur.com\/wp-content\/uploads\/2025\/04\/kultur-zeytinyagi-zeytin-bahcesi.jpg?resize=321%2C400&amp;ssl=1 321w\" sizes=\"auto, (max-width: 490px) 100vw, 490px\" \/>\t\t\t\t\t\t\n\t\t\t\t\t<\/div>\n\t\t\t\t\t\t\t\t\n<style>\n#image_987599571 {\n  width: 100%;\n}\n<\/style>\n\t<\/div>\n\t\n\n\n\t\t<\/div>\n\t\t\t\t\t<\/div>\n\n\t\n\n<\/div>\n\t<div id=\"gap-1213001227\" class=\"gap-element clearfix\" style=\"display:block; height:auto;\">\n\t\t\n<style>\n#gap-1213001227 {\n  padding-top: 40px;\n}\n<\/style>\n\t<\/div>\n\t\n\n<div class=\"row align-middle align-center\"  id=\"row-1327606058\">\n\n\n\t<div id=\"col-2012298650\" class=\"col hide-for-medium medium-1 small-12 large-1\"  >\n\t\t\t\t<div class=\"col-inner text-right\"  >\n\t\t\t\n\t\t\t\n\n\n\t\t<\/div>\n\t\t\t\t\t<\/div>\n\n\t\n\n\t<div id=\"col-1383789122\" class=\"col medium-3 small-12 large-3\"  >\n\t\t\t\t<div class=\"col-inner text-center\"  >\n\t\t\t\n\t\t\t\n\n\t<div class=\"img has-hover x md-x lg-x y md-y lg-y\" id=\"image_434036673\">\n\t\t\t\t\t\t\t\t<div class=\"img-inner dark\" >\n\t\t\t<img decoding=\"async\" src=\"https:\/\/dkarekultur.com\/wp-content\/uploads\/2025\/04\/kultur-olive-oil-all-natural.svg\" class=\"attachment-original size-original\" alt=\"Do\u011fadan gelen ger\u00e7ek zeytinya\u011f\u0131\" \/>\t\t\t\t\t\t\n\t\t\t\t\t<\/div>\n\t\t\t\t\t\t\t\t\n<style>\n#image_434036673 {\n  width: 58%;\n}\n<\/style>\n\t<\/div>\n\t\n\n\n\t\t<\/div>\n\t\t\t\t\n<style>\n#col-1383789122 > .col-inner {\n  padding: 0px 0px 0px 0px;\n  margin: 0px 0px 0px 0px;\n}\n<\/style>\n\t<\/div>\n\n\t\n\n\t<div id=\"col-972759716\" class=\"col medium-7 small-12 large-7\"  >\n\t\t\t\t<div class=\"col-inner\"  >\n\t\t\t\n\t\t\t\n\n<h2 data-line-height=\"xl\"><strong>Our K\u00fclt\u00fcr Arbequina Olive Oil <\/strong><\/h2>\n<p>is 100% natural fruit juice, obtained by crushing, kneading, and pressing freshly picked olives without the use of any chemical processes or additives. It enhances the flavor of salads, cold dishes, and hot meals with its lightness, and it also serves as a high-quality base oil used in aromatherapy.\" <strong>%100 do\u011fal meyve<\/strong> suyudur. <strong>&nbsp;<\/strong>Salata, so\u011fuk ve s\u0131cak yemeklere hafifli\u011fiyle lezzet katarken ayr\u0131ca aroma terapi alan\u0131nda kullan\u0131lan kaliteli bir ya\u011f baz\u0131d\u0131r.<\/p>\n\n\t\t<\/div>\n\t\t\t\t\t<\/div>\n\n\t\n\n\t<div id=\"col-1026029019\" class=\"col hide-for-medium medium-1 small-12 large-1\"  >\n\t\t\t\t<div class=\"col-inner text-right\"  >\n\t\t\t\n\t\t\t\n\n\n\t\t<\/div>\n\t\t\t\t\t<\/div>\n\n\t\n\n<\/div>\n\t<div id=\"gap-529769152\" class=\"gap-element clearfix\" style=\"display:block; height:auto;\">\n\t\t\n<style>\n#gap-529769152 {\n  padding-top: 20px;\n}\n<\/style>\n\t<\/div>\n\t\n\n<div class=\"row align-middle align-center\"  id=\"row-134376965\">\n\n\n\t<div id=\"col-698636606\" class=\"col hide-for-medium medium-1 small-12 large-1\"  >\n\t\t\t\t<div class=\"col-inner text-left\"  >\n\t\t\t\n\t\t\t\n\n\n\t\t<\/div>\n\t\t\t\t\t<\/div>\n\n\t\n\n\t<div id=\"col-218450928\" class=\"col medium-3 small-12 large-3\"  >\n\t\t\t\t<div class=\"col-inner text-center\"  >\n\t\t\t\n\t\t\t\n\n\t<div class=\"img has-hover x md-x lg-x y md-y lg-y\" id=\"image_1645688942\">\n\t\t\t\t\t\t\t\t<div class=\"img-inner dark\" >\n\t\t\t<img decoding=\"async\" src=\"https:\/\/dkarekultur.com\/wp-content\/uploads\/2025\/04\/kultur-olive-oil-low-acidity-level.svg\" class=\"attachment-original size-original\" alt=\"Sa\u011fl\u0131k dostu, d\u00fc\u015f\u00fck asitli form\u00fcl\" \/>\t\t\t\t\t\t\n\t\t\t\t\t<\/div>\n\t\t\t\t\t\t\t\t\n<style>\n#image_1645688942 {\n  width: 58%;\n}\n<\/style>\n\t<\/div>\n\t\n\n\n\t\t<\/div>\n\t\t\t\t\n<style>\n#col-218450928 > .col-inner {\n  padding: 0px 0px 0px 0px;\n  margin: 0px 0px 0px 0px;\n}\n<\/style>\n\t<\/div>\n\n\t\n\n\t<div id=\"col-1525997740\" class=\"col medium-7 small-12 large-7\"  >\n\t\t\t\t<div class=\"col-inner\"  >\n\t\t\t\n\t\t\t\n\n<h2 data-line-height=\"xl\"><strong>High Quality with Low Acidity <\/strong><\/h2>\n<p>Regular consumption of our olive oil provides the following benefits:<\/p>\n<ul>\n<li>Supports cardiovascular health<\/li>\n<li>Helps balance cholesterol levels<\/li>\n<li>Exhibits anti-inflammatory properties<\/li>\n<li>Strengthens the digestive system<\/li>\n<li>Promotes cell regeneration<\/li>\n<\/ul>\n\n\t\t<\/div>\n\t\t\t\t\t<\/div>\n\n\t\n\n\t<div id=\"col-209792685\" class=\"col hide-for-medium medium-1 small-12 large-1\"  >\n\t\t\t\t<div class=\"col-inner text-right\"  >\n\t\t\t\n\t\t\t\n\n\n\t\t<\/div>\n\t\t\t\t\t<\/div>\n\n\t\n\n<\/div>\n\t<div id=\"gap-1592991272\" class=\"gap-element clearfix\" style=\"display:block; height:auto;\">\n\t\t\n<style>\n#gap-1592991272 {\n  padding-top: 20px;\n}\n<\/style>\n\t<\/div>\n\t\n\n<div class=\"row align-middle align-center\"  id=\"row-924499656\">\n\n\n\t<div id=\"col-449448956\" class=\"col hide-for-medium medium-1 small-12 large-1\"  >\n\t\t\t\t<div class=\"col-inner text-left\"  >\n\t\t\t\n\t\t\t\n\n\n\t\t<\/div>\n\t\t\t\t\t<\/div>\n\n\t\n\n\t<div id=\"col-1023019673\" class=\"col medium-3 small-12 large-3\"  >\n\t\t\t\t<div class=\"col-inner text-center\"  >\n\t\t\t\n\t\t\t\n\n\t<div class=\"img has-hover x md-x lg-x y md-y lg-y\" id=\"image_1127440167\">\n\t\t\t\t\t\t\t\t<div class=\"img-inner dark\" >\n\t\t\t<img decoding=\"async\" src=\"https:\/\/dkarekultur.com\/wp-content\/uploads\/2025\/04\/kultur-olive-oil-freshness-guaranteed.svg\" class=\"attachment-original size-original\" alt=\"Tazelik garantili K\u00fclt\u00fcr Zeytinya\u011f\u0131 amblemi\" \/>\t\t\t\t\t\t\n\t\t\t\t\t<\/div>\n\t\t\t\t\t\t\t\t\n<style>\n#image_1127440167 {\n  width: 58%;\n}\n<\/style>\n\t<\/div>\n\t\n\n\n\t\t<\/div>\n\t\t\t\t\n<style>\n#col-1023019673 > .col-inner {\n  padding: 0px 0px 0px 0px;\n  margin: 0px 0px 0px 0px;\n}\n<\/style>\n\t<\/div>\n\n\t\n\n\t<div id=\"col-103836294\" class=\"col medium-7 small-12 large-7\"  >\n\t\t\t\t<div class=\"col-inner\"  >\n\t\t\t\n\t\t\t\n\n<h2 data-line-height=\"xl\"><strong>Stored Under Ideal Conditions <\/strong><\/h2>\n<p>Extra virgin olive oil should be protected from sunlight and minimize contact with air. We use nitrogen protection technology to store our olive oil in a cool, dry environment. This ensures that the valuable components of the olive fruit are preserved and delivered to you in their purest form.<\/p>\n\n\t\t<\/div>\n\t\t\t\t\t<\/div>\n\n\t\n\n\t<div id=\"col-878454553\" class=\"col hide-for-medium medium-1 small-12 large-1\"  >\n\t\t\t\t<div class=\"col-inner text-right\"  >\n\t\t\t\n\t\t\t\n\n\n\t\t<\/div>\n\t\t\t\t\t<\/div>\n\n\t\n\n<\/div>\n\t<div id=\"gap-1599736609\" class=\"gap-element clearfix\" style=\"display:block; height:auto;\">\n\t\t\n<style>\n#gap-1599736609 {\n  padding-top: 20px;\n}\n<\/style>\n\t<\/div>\n\t\n\n<div class=\"row align-middle align-center\"  id=\"row-266212347\">\n\n\n\t<div id=\"col-1286718342\" class=\"col hide-for-medium medium-1 small-12 large-1\"  >\n\t\t\t\t<div class=\"col-inner text-left\"  >\n\t\t\t\n\t\t\t\n\n\n\t\t<\/div>\n\t\t\t\t\t<\/div>\n\n\t\n\n\t<div id=\"col-761738720\" class=\"col medium-3 small-12 large-3\"  >\n\t\t\t\t<div class=\"col-inner text-center\"  >\n\t\t\t\n\t\t\t\n\n\t<div class=\"img has-hover x md-x lg-x y md-y lg-y\" id=\"image_967735875\">\n\t\t\t\t\t\t\t\t<div class=\"img-inner dark\" >\n\t\t\t<img decoding=\"async\" src=\"https:\/\/dkarekultur.com\/wp-content\/uploads\/2025\/04\/kultur-olive-oil-secure-packaging.svg\" class=\"attachment-original size-original\" alt=\"I\u015f\u0131k ve hava ge\u00e7irmeyen koruyucu \u015fi\u015fe\" \/>\t\t\t\t\t\t\n\t\t\t\t\t<\/div>\n\t\t\t\t\t\t\t\t\n<style>\n#image_967735875 {\n  width: 58%;\n}\n<\/style>\n\t<\/div>\n\t\n\n\n\t\t<\/div>\n\t\t\t\t\n<style>\n#col-761738720 > .col-inner {\n  padding: 0px 0px 0px 0px;\n  margin: 0px 0px 0px 0px;\n}\n<\/style>\n\t<\/div>\n\n\t\n\n\t<div id=\"col-1269978527\" class=\"col medium-7 small-12 large-7\"  >\n\t\t\t\t<div class=\"col-inner\"  >\n\t\t\t\n\t\t\t\n\n<h2 data-line-height=\"xl\"><strong>Secure Packaging and Shipping <\/strong><\/h2>\n<p>We package our olive oils in specially designed, elegant, durable, leak-proof, and impact-resistant containers that meet quality and safety standards. Your orders are delivered to you with the assurance of trusted <strong>Yurti\u00e7i Cargo<\/strong> services.<\/p>\n\n\t\t<\/div>\n\t\t\t\t\t<\/div>\n\n\t\n\n\t<div id=\"col-69414393\" class=\"col hide-for-medium medium-1 small-12 large-1\"  >\n\t\t\t\t<div class=\"col-inner text-right\"  >\n\t\t\t\n\t\t\t\n\n\n\t\t<\/div>\n\t\t\t\t\t<\/div>\n\n\t\n\n<\/div>\n\t<div id=\"gap-120157470\" class=\"gap-element clearfix\" style=\"display:block; height:auto;\">\n\t\t\n<style>\n#gap-120157470 {\n  padding-top: 80px;\n}\n<\/style>\n\t<\/div>\n\t\n\n<div class=\"row\"  id=\"row-240815520\">\n\n\n\t<div id=\"col-1996841521\" class=\"col medium-6 small-12 large-6\"  >\n\t\t\t\t<div class=\"col-inner\"  >\n\t\t\t\n\t\t\t\n\n\t<div class=\"box has-hover   has-hover box-push box-text-bottom\" >\n\n\t\t<div class=\"box-image\" style=\"border-radius:4%;\">\n\t\t\t<a href=\"https:\/\/dkarekultur.com\/en\/arbequina-naturel-sizma-zeytinyagi\/\" >\t\t\t<div class=\"image-zoom\" >\n\t\t\t\t<img data-recalc-dims=\"1\" loading=\"lazy\" decoding=\"async\" width=\"1020\" height=\"754\" src=\"https:\/\/i0.wp.com\/dkarekultur.com\/wp-content\/uploads\/2025\/04\/kultur-zeytinyagi-erken-hasat.jpg?resize=1020%2C754&#038;ssl=1\" class=\"attachment- size-\" alt=\"\" srcset=\"https:\/\/i0.wp.com\/dkarekultur.com\/wp-content\/uploads\/2025\/04\/kultur-zeytinyagi-erken-hasat.jpg?w=1461&amp;ssl=1 1461w, https:\/\/i0.wp.com\/dkarekultur.com\/wp-content\/uploads\/2025\/04\/kultur-zeytinyagi-erken-hasat.jpg?resize=541%2C400&amp;ssl=1 541w, https:\/\/i0.wp.com\/dkarekultur.com\/wp-content\/uploads\/2025\/04\/kultur-zeytinyagi-erken-hasat.jpg?resize=1082%2C800&amp;ssl=1 1082w, https:\/\/i0.wp.com\/dkarekultur.com\/wp-content\/uploads\/2025\/04\/kultur-zeytinyagi-erken-hasat.jpg?resize=768%2C568&amp;ssl=1 768w, https:\/\/i0.wp.com\/dkarekultur.com\/wp-content\/uploads\/2025\/04\/kultur-zeytinyagi-erken-hasat.jpg?resize=600%2C444&amp;ssl=1 600w\" sizes=\"auto, (max-width: 1020px) 100vw, 1020px\" \/>\t\t\t\t<div class=\"overlay\" style=\"background-color:rgba(0, 0, 0, 0.2)\"><\/div>\t\t\t\t\t\t\t<\/div>\n\t\t\t<\/a>\t\t<\/div>\n\n\t\t<div class=\"box-text show-on-hover hover-bounce text-center\" >\n\t\t\t<div class=\"box-text-inner\">\n\t\t\t\t\n\n\t<div id=\"text-3788926090\" class=\"text\">\n\t\t\n\n<h3><strong>Arbequina Extra Virgin Olive Oil<\/strong><\/h3>\n\t\t\n<style>\n#text-3788926090 {\n  font-size: 1.18rem;\n}\n<\/style>\n\t<\/div>\n\t\n<a href=\"https:\/\/dkarekultur.com\/en\/arbequina-naturel-sizma-zeytinyagi\/\" class=\"button white is-outline is-large\" style=\"border-radius:10px;\">\n\t\t<span>Learn More<\/span>\n\t<\/a>\n\n\n\n\t\t\t<\/div>\n\t\t<\/div>\n\t<\/div>\n\t\n\n\t\t<\/div>\n\t\t\t\t\t<\/div>\n\n\t\n\n\t<div id=\"col-1895196129\" class=\"col medium-6 small-12 large-6\"  >\n\t\t\t\t<div class=\"col-inner\"  >\n\t\t\t\n\t\t\t\n\n\t<div class=\"box has-hover   has-hover box-push box-text-bottom\" >\n\n\t\t<div class=\"box-image\" style=\"border-radius:4%;\">\n\t\t\t<a href=\"https:\/\/dkarekultur.com\/en\/hikayemiz\/\" >\t\t\t<div class=\"image-zoom\" >\n\t\t\t\t<img data-recalc-dims=\"1\" loading=\"lazy\" decoding=\"async\" width=\"1020\" height=\"754\" src=\"https:\/\/i0.wp.com\/dkarekultur.com\/wp-content\/uploads\/2025\/04\/kultur-zeytinyagi-katkisiz-koruyucusuz.jpg?resize=1020%2C754&#038;ssl=1\" class=\"attachment- size-\" alt=\"\" srcset=\"https:\/\/i0.wp.com\/dkarekultur.com\/wp-content\/uploads\/2025\/04\/kultur-zeytinyagi-katkisiz-koruyucusuz.jpg?w=1461&amp;ssl=1 1461w, https:\/\/i0.wp.com\/dkarekultur.com\/wp-content\/uploads\/2025\/04\/kultur-zeytinyagi-katkisiz-koruyucusuz.jpg?resize=541%2C400&amp;ssl=1 541w, https:\/\/i0.wp.com\/dkarekultur.com\/wp-content\/uploads\/2025\/04\/kultur-zeytinyagi-katkisiz-koruyucusuz.jpg?resize=1082%2C800&amp;ssl=1 1082w, https:\/\/i0.wp.com\/dkarekultur.com\/wp-content\/uploads\/2025\/04\/kultur-zeytinyagi-katkisiz-koruyucusuz.jpg?resize=768%2C568&amp;ssl=1 768w, https:\/\/i0.wp.com\/dkarekultur.com\/wp-content\/uploads\/2025\/04\/kultur-zeytinyagi-katkisiz-koruyucusuz.jpg?resize=600%2C444&amp;ssl=1 600w\" sizes=\"auto, (max-width: 1020px) 100vw, 1020px\" \/>\t\t\t\t<div class=\"overlay\" style=\"background-color:rgba(0, 0, 0, 0.2)\"><\/div>\t\t\t\t\t\t\t<\/div>\n\t\t\t<\/a>\t\t<\/div>\n\n\t\t<div class=\"box-text show-on-hover hover-bounce text-center\" >\n\t\t\t<div class=\"box-text-inner\">\n\t\t\t\t\n\n\t<div id=\"text-1938561668\" class=\"text\">\n\t\t\n\n<h3><strong>Our Story<\/strong><\/h3>\n\t\t\n<style>\n#text-1938561668 {\n  font-size: 1.18rem;\n}\n<\/style>\n\t<\/div>\n\t\n<a href=\"https:\/\/dkarekultur.com\/en\/hikayemiz\/\" class=\"button white is-outline is-large\" style=\"border-radius:10px;\">\n\t\t<span>Learn More<\/span>\n\t<\/a>\n\n\n\n\t\t\t<\/div>\n\t\t<\/div>\n\t<\/div>\n\t\n\n\t\t<\/div>\n\t\t\t\t\t<\/div>\n\n\t\n\n<\/div>\n\t<div id=\"gap-1291498187\" class=\"gap-element clearfix\" style=\"display:block; height:auto;\">\n\t\t\n<style>\n#gap-1291498187 {\n  padding-top: 40px;\n}\n<\/style>\n\t<\/div>\n\t\n\n\n\n\n<p><\/p>","protected":false},"excerpt":{"rendered":"","protected":false},"author":1,"featured_media":0,"parent":0,"menu_order":0,"comment_status":"closed","ping_status":"closed","template":"page-blank.php","meta":{"_uag_custom_page_level_css":"","footnotes":""},"class_list":["post-724","page","type-page","status-publish","hentry"],"uagb_featured_image_src":{"full":false,"thumbnail":false,"medium":false,"medium_large":false,"large":false,"1536x1536":false,"2048x2048":false,"trp-custom-language-flag":false,"woocommerce_thumbnail":false,"woocommerce_single":false,"woocommerce_gallery_thumbnail":false},"uagb_author_info":{"display_name":"berrinoku","author_link":"https:\/\/dkarekultur.com\/en\/author\/berrinoku\/"},"uagb_comment_info":0,"uagb_excerpt":null,"jetpack_sharing_enabled":true,"_links":{"self":[{"href":"https:\/\/dkarekultur.com\/en\/wp-json\/wp\/v2\/pages\/724","targetHints":{"allow":["GET"]}}],"collection":[{"href":"https:\/\/dkarekultur.com\/en\/wp-json\/wp\/v2\/pages"}],"about":[{"href":"https:\/\/dkarekultur.com\/en\/wp-json\/wp\/v2\/types\/page"}],"author":[{"embeddable":true,"href":"https:\/\/dkarekultur.com\/en\/wp-json\/wp\/v2\/users\/1"}],"replies":[{"embeddable":true,"href":"https:\/\/dkarekultur.com\/en\/wp-json\/wp\/v2\/comments?post=724"}],"version-history":[{"count":49,"href":"https:\/\/dkarekultur.com\/en\/wp-json\/wp\/v2\/pages\/724\/revisions"}],"predecessor-version":[{"id":1646,"href":"https:\/\/dkarekultur.com\/en\/wp-json\/wp\/v2\/pages\/724\/revisions\/1646"}],"wp:attachment":[{"href":"https:\/\/dkarekultur.com\/en\/wp-json\/wp\/v2\/media?parent=724"}],"curies":[{"name":"wp","href":"https:\/\/api.w.org\/{rel}","templated":true}]}}