{"id":776,"date":"2025-01-20T21:19:13","date_gmt":"2025-01-20T21:19:13","guid":{"rendered":"https:\/\/dkarekultur.com\/?page_id=776"},"modified":"2025-04-17T13:59:10","modified_gmt":"2025-04-17T13:59:10","slug":"arbequina-naturel-sizma-zeytinyagi","status":"publish","type":"page","link":"https:\/\/dkarekultur.com\/en\/arbequina-naturel-sizma-zeytinyagi\/","title":{"rendered":"Arbequina Extra Virgin Olive Oil"},"content":{"rendered":"<div class=\"banner has-hover has-parallax\" id=\"banner-1753406056\">\n          <div class=\"banner-inner fill\">\n        <div class=\"banner-bg fill\" data-parallax=\"-2\" data-parallax-container=\".banner\" data-parallax-background>\n            <img loading=\"lazy\" decoding=\"async\" width=\"1020\" height=\"765\" src=\"https:\/\/i0.wp.com\/dkarekultur.com\/wp-content\/uploads\/2025\/04\/arbequina-zeytin.jpg?fit=1020%2C765&amp;ssl=1\" class=\"bg attachment-large size-large\" alt=\"\" \/>                        <div class=\"overlay\"><\/div>            \n                    <\/div>\n\t\t\n        <div class=\"banner-layers container\">\n            <div class=\"fill banner-link\"><\/div>            \n\n   <div id=\"text-box-1070906624\" class=\"text-box banner-layer x50 md-x50 lg-x50 y50 md-y50 lg-y50 res-text\">\n              <div data-parallax=\"3\" data-parallax-fade=\"true\">                  <div class=\"text-box-content text dark text-shadow-5\">\n              \n              <div class=\"text-inner text-center\">\n                  \n\n<h3><strong>Arbequina Extra Virgin Olive Oil<\/strong><\/h3>\n\n              <\/div>\n           <\/div>\n              <\/div>              \n<style>\n#text-box-1070906624 {\n  width: 85%;\n}\n#text-box-1070906624 .text-box-content {\n  font-size: 150%;\n}\n<\/style>\n    <\/div>\n \n\n        <\/div>\n      <\/div>\n\n            \n<style>\n#banner-1753406056 {\n  padding-top: 300px;\n  background-color: rgb(0,0,0);\n}\n#banner-1753406056 .overlay {\n  background-color: rgba(75, 52, 9, 0.192);\n}\n#banner-1753406056 .banner-bg img {\n  object-position: 100% 49%;\n}\n<\/style>\n  <\/div>\n\n\n\t<div id=\"gap-566490040\" class=\"gap-element clearfix hide-for-medium\" style=\"display:block; height:auto;\">\n\t\t\n<style>\n#gap-566490040 {\n  padding-top: 40px;\n}\n<\/style>\n\t<\/div>\n\t\n\n<div class=\"row align-middle align-center\"  id=\"row-681539762\">\n\n\n\t<div id=\"col-1842803218\" class=\"col small-12 large-12\"  >\n\t\t\t\t<div class=\"col-inner\"  >\n\t\t\t\n\t\t\t\n\n<p>\u00a0<\/p>\n<p>The world-renowned Arbequina olive variety originates from Spain and is celebrated for its unique flavor profile, low acidity, and rich nutritional value. It is a preferred variety for the production of high-quality extra virgin olive oil worldwide.<\/p>\n<p><strong>Arbequina Olive Cultivation<\/strong><\/p>\n<p>Although its cultivation has increased in recent years in our country, its share in total olive production remains relatively limited compared to the olive varieties we are more familiar with. Arbequina olives thrive in warm climates and arid soils, making the Aegean region an ideal environment for this variety. For us, all olive varieties grown under healthy conditions are valuable. However, it has been observed that Arbequina olives are more productive and resistant to diseases compared to local olive varieties grown in our soil.<\/p>\n<p>We have nurtured our Arbequina olive saplings with expert care, adapting them to the dynamics of our land and integrating them rapidly with local agricultural practices, allowing them to flourish with passion.<\/p>\n<p><strong>Arbequina Extra Virgin Olive Oil<\/strong><\/p>\n<p><em>\u00a0<\/em>.<\/p>\n<p>Our quality is reflected in the meticulousness of our production process.\nWe handpick our olives during the early harvest season, when their color transitions from green to purple, before full ripeness. While the oil yield is slightly lower during this period compared to the regular harvest, it allows us to maintain an acidity level <strong>0,1 <\/strong><strong>~<\/strong><strong> 0,3<\/strong> .<br><br>This ensures that we extract our olive oil using the cold-press method at temperatures below 27\u00b0C, preserving the fresh oil and beneficial compounds in the olives without triggering any chemical reactions. Our oil retains its natural structure and distinctive aroma, offering a smooth, rich texture with a soft and lightly fruity profile. We present our natural extra virgin olive oil to you without compromising its natural integrity.<\/p>\n<p><strong>As K\u00fclt\u00fcr Zeytinya\u011f\u0131,<\/strong><\/p>\n<p>With Arbequina Extra Virgin Olive Oil, every drop reflects the labor and passion behind it. We aim to create a distinctive experience that promotes health awareness as a part of sustainable production. Our goal is to make Arbequina olive oil not only a staple in the kitchen but also a valuable health choice for everyone, from ages 7 to 70.<\/p>\n<p>\u00a0<\/p>\n<blockquote>\n<p style=\"text-align: center;\"><strong>Natural Essence from the Legendary Lands of Sardis...<\/strong><\/p>\n<\/blockquote>\n\n\t\t<\/div>\n\t\t\t\t\t<\/div>\n\n\t\n\n<\/div>\n\t<div id=\"gap-818358120\" class=\"gap-element clearfix\" style=\"display:block; height:auto;\">\n\t\t\n<style>\n#gap-818358120 {\n  padding-top: 40px;\n}\n<\/style>\n\t<\/div>\n\t\n\n<div class=\"row\"  id=\"row-449654339\">\n\n\n\t<div id=\"col-992308951\" class=\"col medium-6 small-12 large-6\"  >\n\t\t\t\t<div class=\"col-inner\"  >\n\t\t\t\n\t\t\t\n\n\t<div class=\"box has-hover   has-hover box-push box-text-bottom\" >\n\n\t\t<div class=\"box-image\" style=\"border-radius:4%;\">\n\t\t\t<a href=\"https:\/\/dkarekultur.com\/en\/neden-biz\/\" >\t\t\t<div class=\"image-zoom\" >\n\t\t\t\t<img data-recalc-dims=\"1\" loading=\"lazy\" decoding=\"async\" width=\"1020\" height=\"772\" src=\"https:\/\/i0.wp.com\/dkarekultur.com\/wp-content\/uploads\/2025\/04\/arbequina-naturel-zeytinyagi.jpg.jpg?resize=1020%2C772&#038;ssl=1\" class=\"attachment- size-\" alt=\"\" srcset=\"https:\/\/i0.wp.com\/dkarekultur.com\/wp-content\/uploads\/2025\/04\/arbequina-naturel-zeytinyagi.jpg.jpg?w=1252&amp;ssl=1 1252w, https:\/\/i0.wp.com\/dkarekultur.com\/wp-content\/uploads\/2025\/04\/arbequina-naturel-zeytinyagi.jpg.jpg?resize=528%2C400&amp;ssl=1 528w, https:\/\/i0.wp.com\/dkarekultur.com\/wp-content\/uploads\/2025\/04\/arbequina-naturel-zeytinyagi.jpg.jpg?resize=1057%2C800&amp;ssl=1 1057w, https:\/\/i0.wp.com\/dkarekultur.com\/wp-content\/uploads\/2025\/04\/arbequina-naturel-zeytinyagi.jpg.jpg?resize=768%2C582&amp;ssl=1 768w, https:\/\/i0.wp.com\/dkarekultur.com\/wp-content\/uploads\/2025\/04\/arbequina-naturel-zeytinyagi.jpg.jpg?resize=600%2C454&amp;ssl=1 600w\" sizes=\"auto, (max-width: 1020px) 100vw, 1020px\" \/>\t\t\t\t<div class=\"overlay\" style=\"background-color:rgba(0, 0, 0, 0.2)\"><\/div>\t\t\t\t\t\t\t<\/div>\n\t\t\t<\/a>\t\t<\/div>\n\n\t\t<div class=\"box-text show-on-hover hover-bounce text-center\" >\n\t\t\t<div class=\"box-text-inner\">\n\t\t\t\t\n\n\t<div id=\"text-4181864926\" class=\"text\">\n\t\t\n\n<h3><strong>Why Choose Us? <\/strong><\/h3>\n\t\t\n<style>\n#text-4181864926 {\n  font-size: 1.18rem;\n}\n<\/style>\n\t<\/div>\n\t\n<a href=\"https:\/\/dkarekultur.com\/en\/neden-biz\/\" class=\"button white is-outline is-large\" style=\"border-radius:10px;\">\n\t\t<span>Learn More<\/span>\n\t<\/a>\n\n\n\n\t\t\t<\/div>\n\t\t<\/div>\n\t<\/div>\n\t\n\n\t\t<\/div>\n\t\t\t\t\t<\/div>\n\n\t\n\n\t<div id=\"col-1804887978\" class=\"col medium-6 small-12 large-6\"  >\n\t\t\t\t<div class=\"col-inner\"  >\n\t\t\t\n\t\t\t\n\n\t<div class=\"box has-hover   has-hover box-push box-text-bottom\" >\n\n\t\t<div class=\"box-image\" style=\"border-radius:4%;\">\n\t\t\t<a href=\"https:\/\/dkarekultur.com\/en\/hikayemiz\/\" >\t\t\t<div class=\"image-zoom\" >\n\t\t\t\t<img data-recalc-dims=\"1\" loading=\"lazy\" decoding=\"async\" width=\"1020\" height=\"754\" src=\"https:\/\/i0.wp.com\/dkarekultur.com\/wp-content\/uploads\/2025\/04\/kultur-zeytinyagi-katkisiz-koruyucusuz.jpg?resize=1020%2C754&#038;ssl=1\" class=\"attachment- size-\" alt=\"\" srcset=\"https:\/\/i0.wp.com\/dkarekultur.com\/wp-content\/uploads\/2025\/04\/kultur-zeytinyagi-katkisiz-koruyucusuz.jpg?w=1461&amp;ssl=1 1461w, https:\/\/i0.wp.com\/dkarekultur.com\/wp-content\/uploads\/2025\/04\/kultur-zeytinyagi-katkisiz-koruyucusuz.jpg?resize=541%2C400&amp;ssl=1 541w, https:\/\/i0.wp.com\/dkarekultur.com\/wp-content\/uploads\/2025\/04\/kultur-zeytinyagi-katkisiz-koruyucusuz.jpg?resize=1082%2C800&amp;ssl=1 1082w, https:\/\/i0.wp.com\/dkarekultur.com\/wp-content\/uploads\/2025\/04\/kultur-zeytinyagi-katkisiz-koruyucusuz.jpg?resize=768%2C568&amp;ssl=1 768w, https:\/\/i0.wp.com\/dkarekultur.com\/wp-content\/uploads\/2025\/04\/kultur-zeytinyagi-katkisiz-koruyucusuz.jpg?resize=600%2C444&amp;ssl=1 600w\" sizes=\"auto, (max-width: 1020px) 100vw, 1020px\" \/>\t\t\t\t<div class=\"overlay\" style=\"background-color:rgba(0, 0, 0, 0.2)\"><\/div>\t\t\t\t\t\t\t<\/div>\n\t\t\t<\/a>\t\t<\/div>\n\n\t\t<div class=\"box-text show-on-hover hover-bounce text-center\" >\n\t\t\t<div class=\"box-text-inner\">\n\t\t\t\t\n\n\t<div id=\"text-275508759\" class=\"text\">\n\t\t\n\n<h3><strong>Our Story<\/strong><\/h3>\n\t\t\n<style>\n#text-275508759 {\n  font-size: 1.18rem;\n}\n<\/style>\n\t<\/div>\n\t\n<a href=\"https:\/\/dkarekultur.com\/en\/hikayemiz\/\" class=\"button white is-outline is-large\" style=\"border-radius:10px;\">\n\t\t<span>Learn More<\/span>\n\t<\/a>\n\n\n\n\t\t\t<\/div>\n\t\t<\/div>\n\t<\/div>\n\t\n\n\t\t<\/div>\n\t\t\t\t\t<\/div>\n\n\t\n\n<\/div>\n\t<div id=\"gap-547115927\" class=\"gap-element clearfix\" style=\"display:block; height:auto;\">\n\t\t\n<style>\n#gap-547115927 {\n  padding-top: 40px;\n}\n<\/style>\n\t<\/div>","protected":false},"excerpt":{"rendered":"","protected":false},"author":1,"featured_media":0,"parent":0,"menu_order":0,"comment_status":"closed","ping_status":"closed","template":"page-blank.php","meta":{"_uag_custom_page_level_css":"","footnotes":""},"class_list":["post-776","page","type-page","status-publish","hentry"],"uagb_featured_image_src":{"full":false,"thumbnail":false,"medium":false,"medium_large":false,"large":false,"1536x1536":false,"2048x2048":false,"trp-custom-language-flag":false,"woocommerce_thumbnail":false,"woocommerce_single":false,"woocommerce_gallery_thumbnail":false},"uagb_author_info":{"display_name":"berrinoku","author_link":"https:\/\/dkarekultur.com\/en\/author\/berrinoku\/"},"uagb_comment_info":0,"uagb_excerpt":null,"jetpack_sharing_enabled":true,"_links":{"self":[{"href":"https:\/\/dkarekultur.com\/en\/wp-json\/wp\/v2\/pages\/776","targetHints":{"allow":["GET"]}}],"collection":[{"href":"https:\/\/dkarekultur.com\/en\/wp-json\/wp\/v2\/pages"}],"about":[{"href":"https:\/\/dkarekultur.com\/en\/wp-json\/wp\/v2\/types\/page"}],"author":[{"embeddable":true,"href":"https:\/\/dkarekultur.com\/en\/wp-json\/wp\/v2\/users\/1"}],"replies":[{"embeddable":true,"href":"https:\/\/dkarekultur.com\/en\/wp-json\/wp\/v2\/comments?post=776"}],"version-history":[{"count":29,"href":"https:\/\/dkarekultur.com\/en\/wp-json\/wp\/v2\/pages\/776\/revisions"}],"predecessor-version":[{"id":1601,"href":"https:\/\/dkarekultur.com\/en\/wp-json\/wp\/v2\/pages\/776\/revisions\/1601"}],"wp:attachment":[{"href":"https:\/\/dkarekultur.com\/en\/wp-json\/wp\/v2\/media?parent=776"}],"curies":[{"name":"wp","href":"https:\/\/api.w.org\/{rel}","templated":true}]}}