{"id":92,"date":"2013-08-11T19:06:15","date_gmt":"2013-08-11T19:06:15","guid":{"rendered":"http:\/\/localhost:8888\/test\/?page_id=520"},"modified":"2025-09-06T10:29:03","modified_gmt":"2025-09-06T07:29:03","slug":"hikayemiz","status":"publish","type":"page","link":"https:\/\/dkarekultur.com\/en\/hikayemiz\/","title":{"rendered":"Our Story"},"content":{"rendered":"<div class=\"banner has-hover has-parallax\" id=\"banner-1157454214\">\n          <div class=\"banner-inner fill\">\n        <div class=\"banner-bg fill\" data-parallax=\"-6\" data-parallax-container=\".banner\" data-parallax-background>\n            <img loading=\"lazy\" decoding=\"async\" width=\"1020\" height=\"574\" src=\"https:\/\/i0.wp.com\/dkarekultur.com\/wp-content\/uploads\/2025\/04\/kultur-zeytinyagi-hikayemiz.jpg?fit=1020%2C574&amp;ssl=1\" class=\"bg attachment-large size-large\" alt=\"Gelenekten do\u011faya, do\u011fadan sofraya bir yolculuk\" \/>                        <div class=\"overlay\"><\/div>            \n                    <\/div>\n\t\t\n        <div class=\"banner-layers container\">\n            <div class=\"fill banner-link\"><\/div>            \n\n   <div id=\"text-box-89375396\" class=\"text-box banner-layer x50 md-x50 lg-x50 y85 md-y90 lg-y90 res-text\">\n              <div data-parallax=\"2\" data-parallax-fade=\"true\">       <div data-animate=\"none\">           <div class=\"text-box-content text dark text-shadow-5\">\n              \n              <div class=\"text-inner text-center\">\n                  \n\n\t<div id=\"gap-716589799\" class=\"gap-element clearfix\" style=\"display:block; height:auto;\">\n\t\t\n<style>\n#gap-716589799 {\n  padding-top: 20px;\n}\n<\/style>\n\t<\/div>\n\t\n\n\t<div class=\"img has-hover x md-x lg-x y md-y lg-y\" id=\"image_1847561398\">\n\t\t\t\t\t\t\t\t<div class=\"img-inner dark\" >\n\t\t\t\t\t\t\t\t\t\n\t\t\t\t\t<\/div>\n\t\t\t\t\t\t\t\t\n<style>\n#image_1847561398 {\n  width: 72%;\n}\n@media (min-width:550px) {\n  #image_1847561398 {\n    width: 38%;\n  }\n}\n<\/style>\n\t<\/div>\n\t\n\n\t<div id=\"text-3467183636\" class=\"text\">\n\t\t\n\n<p>An Ancient Heritage<\/p>\n\t\t\n<style>\n#text-3467183636 {\n  font-size: 1.3rem;\n  line-height: 0.75;\n}\n@media (min-width:550px) {\n  #text-3467183636 {\n    font-size: 1.75rem;\n    line-height: 0.75;\n  }\n}\n<\/style>\n\t<\/div>\n\t\n\t<div id=\"gap-1013705259\" class=\"gap-element clearfix\" style=\"display:block; height:auto;\">\n\t\t\n<style>\n#gap-1013705259 {\n  padding-top: 20px;\n}\n<\/style>\n\t<\/div>\n\t\n\n\n              <\/div>\n           <\/div>\n       <\/div>       <\/div>              \n<style>\n#text-box-89375396 {\n  margin: 0px 0px 0px 0px;\n  width: 93%;\n}\n#text-box-89375396 .text-box-content {\n  background-color: rgba(0, 0, 0, 0.413);\n  border-radius: 40px;\n  font-size: 406%;\n  transform: rotate(1deg);\n}\n#text-box-89375396 .text-inner {\n  padding: 0px 0px 0px 0px;\n}\n@media (min-width:550px) {\n  #text-box-89375396 {\n    width: 63%;\n  }\n}\n<\/style>\n    <\/div>\n \n\n        <\/div>\n      <\/div>\n\n            \n<style>\n#banner-1157454214 {\n  padding-top: 510px;\n}\n#banner-1157454214 .overlay {\n  background-color: rgba(57, 57, 8, 0.337);\n}\n#banner-1157454214 .banner-bg img {\n  object-position: 60% 31%;\n}\n<\/style>\n  <\/div>\n\n\n\t<div id=\"gap-309202196\" class=\"gap-element clearfix\" style=\"display:block; height:auto;\">\n\t\t\n<style>\n#gap-309202196 {\n  padding-top: 60px;\n}\n<\/style>\n\t<\/div>\n\t\n\n<div class=\"row\"  id=\"row-1053600153\">\n\n\n\t<div id=\"col-1976822836\" class=\"col small-12 large-12\"  >\n\t\t\t\t<div class=\"col-inner\"  >\n\t\t\t\n\t\t\t\n\n<h2>Our Story<\/h2>\n<p>\u00a0<\/p>\n<p><strong>At K\u00fclt\u00fcr Zeytinya\u011f\u0131,<\/strong><\/p>\n<p>We bring the purity of nature and the thousands of years of cultural heritage of this land to your tables with a boutique production approach.<\/p>\n<p style=\"text-align: justify;\">We cultivate the land passed down from our ancestors by preserving the unique flora of our region and combining traditional farming practices with the opportunities of modern agriculture. By respecting nature\u2019s own rules, we grow our trees with sustainable farming principles to ensure that future generations can benefit from this heritage with the same care.<\/p>\n<p><strong>Today,<\/strong><\/p>\n<p style=\"text-align: justify;\">We proudly present to you our Arbequina Extra Virgin Olive Oil\u2014a natural fruit juice harvested with love and care from our olive trees, which grow on the fertile slopes of ancient Sardes in Manisa, Turkey. This first-class, high-quality olive oil supports your health while embodying the essence of our heritage and passion.<\/p>\n<p><strong><em>\u00a0<\/em>-<\/strong><\/p>\n<p style=\"text-align: justify;\">- <strong>Arbequina Extra Virgin Olive Oil<\/strong> -<\/p>\n\t<div id=\"gap-99245958\" class=\"gap-element clearfix\" style=\"display:block; height:auto;\">\n\t\t\n<style>\n#gap-99245958 {\n  padding-top: 40px;\n}\n<\/style>\n\t<\/div>\n\t\n\n\n\t\t<\/div>\n\t\t\t\t\t<\/div>\n\n\t\n\n<\/div>\n<div class=\"row\"  id=\"row-1937755540\">\n\n\n\t<div id=\"col-1951289428\" class=\"col medium-6 small-12 large-6\"  >\n\t\t\t\t<div class=\"col-inner\"  >\n\t\t\t\n\t\t\t\n\n\t<div class=\"box has-hover   has-hover box-push box-text-bottom\" >\n\n\t\t<div class=\"box-image\" style=\"border-radius:4%;\">\n\t\t\t<a href=\"https:\/\/dkarekultur.com\/en\/arbequina-naturel-sizma-zeytinyagi\/\" >\t\t\t<div class=\"image-zoom\" >\n\t\t\t\t<img data-recalc-dims=\"1\" loading=\"lazy\" decoding=\"async\" width=\"1020\" height=\"754\" src=\"https:\/\/i0.wp.com\/dkarekultur.com\/wp-content\/uploads\/2025\/04\/kultur-zeytinyagi-erken-hasat.jpg?resize=1020%2C754&#038;ssl=1\" class=\"attachment- size-\" alt=\"\" srcset=\"https:\/\/i0.wp.com\/dkarekultur.com\/wp-content\/uploads\/2025\/04\/kultur-zeytinyagi-erken-hasat.jpg?w=1461&amp;ssl=1 1461w, https:\/\/i0.wp.com\/dkarekultur.com\/wp-content\/uploads\/2025\/04\/kultur-zeytinyagi-erken-hasat.jpg?resize=541%2C400&amp;ssl=1 541w, https:\/\/i0.wp.com\/dkarekultur.com\/wp-content\/uploads\/2025\/04\/kultur-zeytinyagi-erken-hasat.jpg?resize=1082%2C800&amp;ssl=1 1082w, https:\/\/i0.wp.com\/dkarekultur.com\/wp-content\/uploads\/2025\/04\/kultur-zeytinyagi-erken-hasat.jpg?resize=768%2C568&amp;ssl=1 768w, https:\/\/i0.wp.com\/dkarekultur.com\/wp-content\/uploads\/2025\/04\/kultur-zeytinyagi-erken-hasat.jpg?resize=600%2C444&amp;ssl=1 600w\" sizes=\"auto, (max-width: 1020px) 100vw, 1020px\" \/>\t\t\t\t<div class=\"overlay\" style=\"background-color:rgba(0, 0, 0, 0.2)\"><\/div>\t\t\t\t\t\t\t<\/div>\n\t\t\t<\/a>\t\t<\/div>\n\n\t\t<div class=\"box-text show-on-hover hover-bounce text-center\" >\n\t\t\t<div class=\"box-text-inner\">\n\t\t\t\t\n\n\t<div id=\"text-794346394\" class=\"text\">\n\t\t\n\n<h3><strong>Arbequina Extra Virgin Olive Oil<\/strong><\/h3>\n\t\t\n<style>\n#text-794346394 {\n  font-size: 1.18rem;\n}\n<\/style>\n\t<\/div>\n\t\n<a href=\"https:\/\/dkarekultur.com\/en\/arbequina-naturel-sizma-zeytinyagi\/\" class=\"button white is-outline is-large\" style=\"border-radius:10px;\">\n\t\t<span>Learn More<\/span>\n\t<\/a>\n\n\n\n\t\t\t<\/div>\n\t\t<\/div>\n\t<\/div>\n\t\n\n\t\t<\/div>\n\t\t\t\t\t<\/div>\n\n\t\n\n\t<div id=\"col-66035792\" class=\"col medium-6 small-12 large-6\"  >\n\t\t\t\t<div class=\"col-inner\"  >\n\t\t\t\n\t\t\t\n\n\t<div class=\"box has-hover   has-hover box-push box-text-bottom\" >\n\n\t\t<div class=\"box-image\" style=\"border-radius:4%;\">\n\t\t\t<a href=\"https:\/\/dkarekultur.com\/en\/neden-biz\/\" >\t\t\t<div class=\"image-zoom\" >\n\t\t\t\t<img data-recalc-dims=\"1\" loading=\"lazy\" decoding=\"async\" width=\"1020\" height=\"772\" src=\"https:\/\/i0.wp.com\/dkarekultur.com\/wp-content\/uploads\/2025\/04\/arbequina-naturel-zeytinyagi.jpg.jpg?resize=1020%2C772&#038;ssl=1\" class=\"attachment- size-\" alt=\"\" srcset=\"https:\/\/i0.wp.com\/dkarekultur.com\/wp-content\/uploads\/2025\/04\/arbequina-naturel-zeytinyagi.jpg.jpg?w=1252&amp;ssl=1 1252w, https:\/\/i0.wp.com\/dkarekultur.com\/wp-content\/uploads\/2025\/04\/arbequina-naturel-zeytinyagi.jpg.jpg?resize=528%2C400&amp;ssl=1 528w, https:\/\/i0.wp.com\/dkarekultur.com\/wp-content\/uploads\/2025\/04\/arbequina-naturel-zeytinyagi.jpg.jpg?resize=1057%2C800&amp;ssl=1 1057w, https:\/\/i0.wp.com\/dkarekultur.com\/wp-content\/uploads\/2025\/04\/arbequina-naturel-zeytinyagi.jpg.jpg?resize=768%2C582&amp;ssl=1 768w, https:\/\/i0.wp.com\/dkarekultur.com\/wp-content\/uploads\/2025\/04\/arbequina-naturel-zeytinyagi.jpg.jpg?resize=600%2C454&amp;ssl=1 600w\" sizes=\"auto, (max-width: 1020px) 100vw, 1020px\" \/>\t\t\t\t<div class=\"overlay\" style=\"background-color:rgba(0, 0, 0, 0.1)\"><\/div>\t\t\t\t\t\t\t<\/div>\n\t\t\t<\/a>\t\t<\/div>\n\n\t\t<div class=\"box-text show-on-hover hover-bounce text-center\" >\n\t\t\t<div class=\"box-text-inner\">\n\t\t\t\t\n\n\t<div id=\"text-1594758831\" class=\"text\">\n\t\t\n\n<h3><strong>Why Choose Us? <\/strong><\/h3>\n\t\t\n<style>\n#text-1594758831 {\n  font-size: 1.18rem;\n}\n<\/style>\n\t<\/div>\n\t\n<a href=\"https:\/\/dkarekultur.com\/en\/neden-biz\/\" class=\"button white is-outline is-large\" style=\"border-radius:10px;\">\n\t\t<span>Learn More<\/span>\n\t<\/a>\n\n\n\n\t\t\t<\/div>\n\t\t<\/div>\n\t<\/div>\n\t\n\n\t\t<\/div>\n\t\t\t\t\t<\/div>\n\n\t\n\n<\/div>\n\t<div id=\"gap-546641947\" class=\"gap-element clearfix\" style=\"display:block; height:auto;\">\n\t\t\n<style>\n#gap-546641947 {\n  padding-top: 60px;\n}\n<\/style>\n\t<\/div>","protected":false},"excerpt":{"rendered":"","protected":false},"author":1,"featured_media":0,"parent":0,"menu_order":0,"comment_status":"closed","ping_status":"closed","template":"page-transparent-header-light.php","meta":{"_uag_custom_page_level_css":"","footnotes":""},"class_list":["post-92","page","type-page","status-publish","hentry"],"uagb_featured_image_src":{"full":false,"thumbnail":false,"medium":false,"medium_large":false,"large":false,"1536x1536":false,"2048x2048":false,"trp-custom-language-flag":false,"woocommerce_thumbnail":false,"woocommerce_single":false,"woocommerce_gallery_thumbnail":false},"uagb_author_info":{"display_name":"berrinoku","author_link":"https:\/\/dkarekultur.com\/en\/author\/berrinoku\/"},"uagb_comment_info":0,"uagb_excerpt":null,"jetpack_sharing_enabled":true,"_links":{"self":[{"href":"https:\/\/dkarekultur.com\/en\/wp-json\/wp\/v2\/pages\/92","targetHints":{"allow":["GET"]}}],"collection":[{"href":"https:\/\/dkarekultur.com\/en\/wp-json\/wp\/v2\/pages"}],"about":[{"href":"https:\/\/dkarekultur.com\/en\/wp-json\/wp\/v2\/types\/page"}],"author":[{"embeddable":true,"href":"https:\/\/dkarekultur.com\/en\/wp-json\/wp\/v2\/users\/1"}],"replies":[{"embeddable":true,"href":"https:\/\/dkarekultur.com\/en\/wp-json\/wp\/v2\/comments?post=92"}],"version-history":[{"count":65,"href":"https:\/\/dkarekultur.com\/en\/wp-json\/wp\/v2\/pages\/92\/revisions"}],"predecessor-version":[{"id":1594,"href":"https:\/\/dkarekultur.com\/en\/wp-json\/wp\/v2\/pages\/92\/revisions\/1594"}],"wp:attachment":[{"href":"https:\/\/dkarekultur.com\/en\/wp-json\/wp\/v2\/media?parent=92"}],"curies":[{"name":"wp","href":"https:\/\/api.w.org\/{rel}","templated":true}]}}