{"id":1389,"date":"2025-02-18T15:26:02","date_gmt":"2025-02-18T15:26:02","guid":{"rendered":"https:\/\/dkarekultur.com\/?post_type=product&#038;p=1389"},"modified":"2026-01-27T18:41:21","modified_gmt":"2026-01-27T15:41:21","slug":"arbequina-naturel-sizma-zeytin-yagi-3lt-copy","status":"publish","type":"product","link":"https:\/\/dkarekultur.com\/en\/product\/arbequina-naturel-sizma-zeytin-yagi-3lt-copy\/","title":{"rendered":"Arbequina Nat\u00fcrel S\u0131zma Zeytinya\u011f\u0131 3LT"},"content":{"rendered":"<p><strong>K\u00fclt\u00fcr Olive Oil<\/strong><\/p>\n<p>is crafted from Arbequina olives we grow with care and dedication on the fertile hillsides of Salihli, Manisa\u2014overlooking the ancient city of Sardis.<br><br>\nWe hand-harvest our olives during the early harvest period, just as their color begins to shift from green to purple. Without delay, we press them using the cold extraction method.<br><br>\nFrom approximately <strong>7\u20137.5 kg of Arbequina olives,<\/strong>,<\/p>\n<p><strong>we obtain<\/strong> <strong>1 liter of premium-quality extra virgin olive oil. <\/strong><\/p>\n<p>Our first-class olive oil, rich in beneficial fatty acids and powerful antioxidants that support overall wellness, is rested using nitrogen preservation technology.<br><br>\nIt is offered to you unfiltered, and carefully bottled in dark glass or tins to preserve its natural integrity under ideal conditions.<\/p>\n<p>&nbsp;<\/p>\n<p>&nbsp;<\/p>\n<p>&nbsp;<\/p>\n<p>&nbsp;<\/p>","protected":false},"excerpt":{"rendered":"<p>Arbequina olives have proven to be more productive and disease-resistant compared to local olive varieties grown in our country. This world-renowned variety, originally from Spain, is known for its distinctive flavor profile, low acidity, and rich nutritional content.<\/p>","protected":false},"featured_media":1618,"comment_status":"open","ping_status":"closed","template":"","meta":{"_uag_custom_page_level_css":""},"product_brand":[],"product_cat":[80],"product_tag":[],"class_list":{"0":"post-1389","1":"product","2":"type-product","3":"status-publish","4":"has-post-thumbnail","6":"product_cat-zeytinyagi","8":"first","9":"instock","10":"featured","11":"taxable","12":"shipping-taxable","13":"product-type-simple"},"uagb_featured_image_src":{"full":["https:\/\/i0.wp.com\/dkarekultur.com\/wp-content\/uploads\/2025\/02\/kultur-zeytinyagi-3lt-teneke-on.jpg?fit=1500%2C1500&ssl=1",1500,1500,false],"thumbnail":["https:\/\/i0.wp.com\/dkarekultur.com\/wp-content\/uploads\/2025\/02\/kultur-zeytinyagi-3lt-teneke-on.jpg?resize=280%2C280&ssl=1",280,280,true],"medium":["https:\/\/i0.wp.com\/dkarekultur.com\/wp-content\/uploads\/2025\/02\/kultur-zeytinyagi-3lt-teneke-on.jpg?fit=400%2C400&ssl=1",400,400,true],"medium_large":["https:\/\/i0.wp.com\/dkarekultur.com\/wp-content\/uploads\/2025\/02\/kultur-zeytinyagi-3lt-teneke-on.jpg?fit=768%2C768&ssl=1",768,768,true],"large":["https:\/\/i0.wp.com\/dkarekultur.com\/wp-content\/uploads\/2025\/02\/kultur-zeytinyagi-3lt-teneke-on.jpg?fit=800%2C800&ssl=1",800,800,true],"1536x1536":["https:\/\/i0.wp.com\/dkarekultur.com\/wp-content\/uploads\/2025\/02\/kultur-zeytinyagi-3lt-teneke-on.jpg?fit=1500%2C1500&ssl=1",1500,1500,true],"2048x2048":["https:\/\/i0.wp.com\/dkarekultur.com\/wp-content\/uploads\/2025\/02\/kultur-zeytinyagi-3lt-teneke-on.jpg?fit=1500%2C1500&ssl=1",1500,1500,true],"trp-custom-language-flag":["https:\/\/i0.wp.com\/dkarekultur.com\/wp-content\/uploads\/2025\/02\/kultur-zeytinyagi-3lt-teneke-on.jpg?fit=12%2C12&ssl=1",12,12,true],"woocommerce_thumbnail":["https:\/\/i0.wp.com\/dkarekultur.com\/wp-content\/uploads\/2025\/02\/kultur-zeytinyagi-3lt-teneke-on.jpg?resize=300%2C300&ssl=1",300,300,true],"woocommerce_single":["https:\/\/i0.wp.com\/dkarekultur.com\/wp-content\/uploads\/2025\/02\/kultur-zeytinyagi-3lt-teneke-on.jpg?fit=600%2C600&ssl=1",600,600,true],"woocommerce_gallery_thumbnail":["https:\/\/i0.wp.com\/dkarekultur.com\/wp-content\/uploads\/2025\/02\/kultur-zeytinyagi-3lt-teneke-on.jpg?resize=100%2C100&ssl=1",100,100,true]},"uagb_author_info":{"display_name":"berrinoku","author_link":"https:\/\/dkarekultur.com\/en\/author\/"},"uagb_comment_info":0,"uagb_excerpt":"Arbequina zeytin \u00e7e\u015fidinin \u00fclkemiz topraklar\u0131nda yeti\u015fen yerli zeytin t\u00fcrlerine g\u00f6re daha verimli ve hastal\u0131klara kar\u015f\u0131 dayan\u0131kl\u0131 oldu\u011funu g\u00f6zlemlenmi\u015ftir. D\u00fcnyaca \u00fcnl\u00fc bu zeytin \u00e7e\u015fidi, \u0130spanya k\u00f6kenli bir zeytin \u00e7e\u015fidi olup kendine \u00f6zg\u00fc lezzet dokusu, d\u00fc\u015f\u00fck asit oran\u0131 ve zengin besin de\u011feri ile tan\u0131n\u0131r.","jetpack_sharing_enabled":true,"_links":{"self":[{"href":"https:\/\/dkarekultur.com\/en\/wp-json\/wp\/v2\/product\/1389","targetHints":{"allow":["GET"]}}],"collection":[{"href":"https:\/\/dkarekultur.com\/en\/wp-json\/wp\/v2\/product"}],"about":[{"href":"https:\/\/dkarekultur.com\/en\/wp-json\/wp\/v2\/types\/product"}],"replies":[{"embeddable":true,"href":"https:\/\/dkarekultur.com\/en\/wp-json\/wp\/v2\/comments?post=1389"}],"wp:featuredmedia":[{"embeddable":true,"href":"https:\/\/dkarekultur.com\/en\/wp-json\/wp\/v2\/media\/1618"}],"wp:attachment":[{"href":"https:\/\/dkarekultur.com\/en\/wp-json\/wp\/v2\/media?parent=1389"}],"wp:term":[{"taxonomy":"product_brand","embeddable":true,"href":"https:\/\/dkarekultur.com\/en\/wp-json\/wp\/v2\/product_brand?post=1389"},{"taxonomy":"product_cat","embeddable":true,"href":"https:\/\/dkarekultur.com\/en\/wp-json\/wp\/v2\/product_cat?post=1389"},{"taxonomy":"product_tag","embeddable":true,"href":"https:\/\/dkarekultur.com\/en\/wp-json\/wp\/v2\/product_tag?post=1389"}],"curies":[{"name":"wp","href":"https:\/\/api.w.org\/{rel}","templated":true}]}}