{"id":502,"date":"2024-09-29T13:23:21","date_gmt":"2024-09-29T13:23:21","guid":{"rendered":"https:\/\/dkarekultur.com\/?post_type=product&#038;p=502"},"modified":"2026-01-27T18:43:08","modified_gmt":"2026-01-27T15:43:08","slug":"arbequina-naturel-sizma-zeytinyagi-500ml","status":"publish","type":"product","link":"https:\/\/dkarekultur.com\/en\/product\/arbequina-naturel-sizma-zeytinyagi-500ml\/","title":{"rendered":"Arbequina Nat\u00fcrel S\u0131zma Zeytinya\u011f\u0131 500ML"},"content":{"rendered":"<p>Zeytin a\u011fac\u0131; tarihsel bir estetik, k\u00fclt\u00fcrel bir haf\u0131zaya sahiptir.<\/p>\n<p>Logomuzda yer alan Athena fig\u00fcr\u00fc; zeytin a\u011fac\u0131n\u0131, bilgeli\u011fi ve koruyuculu\u011fu vurgular. Athena\u2019n\u0131n ba\u015fl\u0131\u011f\u0131yla birle\u015ftirdi\u011fimiz Lidya paras\u0131ndaki aslan, g\u00fcc\u00fcn ve k\u00f6kl\u00fc bir medeniyetin alt\u0131n\u0131 \u00e7izer. Bar\u0131\u015f\u0131, bereketi temsil eden zeytin dal\u0131yla \u00e7evrili bu simge;<\/p>\n<p>Antik Sardes\u2019i seyreden do\u011fayla tarihin, emekle esteti\u011fin bulu\u015ftu\u011fu bereketli yama\u00e7larda ye\u015feren zeytin a\u011fa\u00e7lar\u0131m\u0131z\u0131 anlat\u0131r.<\/p>\n<p>Ge\u00e7mi\u015ften gelece\u011fe uzanan, k\u00fclt\u00fcr anlat\u0131s\u0131na d\u00f6n\u00fc\u015fen zeytin a\u011fa\u00e7lar\u0131m\u0131zdan elde edilen<\/p>\n<p>K\u00fclt\u00fcr Zeytinya\u011f\u0131;<\/p>\n<p>Bir Kad\u0131n \u00c7ift\u00e7i Giri\u015fimi olup<\/p>\n<p>Emek ve duygu bar\u0131nd\u0131ran sa\u011fl\u0131kl\u0131 bir hediyedir.<\/p>\n<p>&nbsp;<\/p>","protected":false},"excerpt":{"rendered":"<p>&nbsp;<\/p>\n<p>Bar\u0131\u015f ve Sanat\u0131 ayn\u0131 damlada birle\u015ftiren<\/p>\n<p>Sa\u011fl\u0131kl\u0131 bir hediye\u2026!<\/p>\n<p>&nbsp;<\/p>","protected":false},"featured_media":1617,"comment_status":"open","ping_status":"closed","template":"","meta":{"_uag_custom_page_level_css":""},"product_brand":[],"product_cat":[80],"product_tag":[],"class_list":{"0":"post-502","1":"product","2":"type-product","3":"status-publish","4":"has-post-thumbnail","6":"product_cat-zeytinyagi","8":"first","9":"instock","10":"featured","11":"taxable","12":"shipping-taxable","13":"product-type-simple"},"uagb_featured_image_src":{"full":["https:\/\/i0.wp.com\/dkarekultur.com\/wp-content\/uploads\/2024\/09\/kultur-zeytinyagi-500ml-cam-sise-on.jpg?fit=1080%2C1081&ssl=1",1080,1081,false],"thumbnail":["https:\/\/i0.wp.com\/dkarekultur.com\/wp-content\/uploads\/2024\/09\/kultur-zeytinyagi-500ml-cam-sise-on.jpg?resize=280%2C280&ssl=1",280,280,true],"medium":["https:\/\/i0.wp.com\/dkarekultur.com\/wp-content\/uploads\/2024\/09\/kultur-zeytinyagi-500ml-cam-sise-on.jpg?fit=400%2C400&ssl=1",400,400,true],"medium_large":["https:\/\/i0.wp.com\/dkarekultur.com\/wp-content\/uploads\/2024\/09\/kultur-zeytinyagi-500ml-cam-sise-on.jpg?fit=768%2C769&ssl=1",768,769,true],"large":["https:\/\/i0.wp.com\/dkarekultur.com\/wp-content\/uploads\/2024\/09\/kultur-zeytinyagi-500ml-cam-sise-on.jpg?fit=799%2C800&ssl=1",799,800,true],"1536x1536":["https:\/\/i0.wp.com\/dkarekultur.com\/wp-content\/uploads\/2024\/09\/kultur-zeytinyagi-500ml-cam-sise-on.jpg?fit=1080%2C1081&ssl=1",1080,1081,true],"2048x2048":["https:\/\/i0.wp.com\/dkarekultur.com\/wp-content\/uploads\/2024\/09\/kultur-zeytinyagi-500ml-cam-sise-on.jpg?fit=1080%2C1081&ssl=1",1080,1081,true],"trp-custom-language-flag":["https:\/\/i0.wp.com\/dkarekultur.com\/wp-content\/uploads\/2024\/09\/kultur-zeytinyagi-500ml-cam-sise-on.jpg?fit=12%2C12&ssl=1",12,12,true],"woocommerce_thumbnail":["https:\/\/i0.wp.com\/dkarekultur.com\/wp-content\/uploads\/2024\/09\/kultur-zeytinyagi-500ml-cam-sise-on.jpg?resize=300%2C300&ssl=1",300,300,true],"woocommerce_single":["https:\/\/i0.wp.com\/dkarekultur.com\/wp-content\/uploads\/2024\/09\/kultur-zeytinyagi-500ml-cam-sise-on.jpg?fit=600%2C601&ssl=1",600,601,true],"woocommerce_gallery_thumbnail":["https:\/\/i0.wp.com\/dkarekultur.com\/wp-content\/uploads\/2024\/09\/kultur-zeytinyagi-500ml-cam-sise-on.jpg?resize=100%2C100&ssl=1",100,100,true]},"uagb_author_info":{"display_name":"berrinoku","author_link":"https:\/\/dkarekultur.com\/en\/author\/"},"uagb_comment_info":0,"uagb_excerpt":"&nbsp; Bar\u0131\u015f ve Sanat\u0131 ayn\u0131 damlada birle\u015ftiren Sa\u011fl\u0131kl\u0131 bir hediye\u2026! &nbsp;","jetpack_sharing_enabled":true,"_links":{"self":[{"href":"https:\/\/dkarekultur.com\/en\/wp-json\/wp\/v2\/product\/502","targetHints":{"allow":["GET"]}}],"collection":[{"href":"https:\/\/dkarekultur.com\/en\/wp-json\/wp\/v2\/product"}],"about":[{"href":"https:\/\/dkarekultur.com\/en\/wp-json\/wp\/v2\/types\/product"}],"replies":[{"embeddable":true,"href":"https:\/\/dkarekultur.com\/en\/wp-json\/wp\/v2\/comments?post=502"}],"wp:featuredmedia":[{"embeddable":true,"href":"https:\/\/dkarekultur.com\/en\/wp-json\/wp\/v2\/media\/1617"}],"wp:attachment":[{"href":"https:\/\/dkarekultur.com\/en\/wp-json\/wp\/v2\/media?parent=502"}],"wp:term":[{"taxonomy":"product_brand","embeddable":true,"href":"https:\/\/dkarekultur.com\/en\/wp-json\/wp\/v2\/product_brand?post=502"},{"taxonomy":"product_cat","embeddable":true,"href":"https:\/\/dkarekultur.com\/en\/wp-json\/wp\/v2\/product_cat?post=502"},{"taxonomy":"product_tag","embeddable":true,"href":"https:\/\/dkarekultur.com\/en\/wp-json\/wp\/v2\/product_tag?post=502"}],"curies":[{"name":"wp","href":"https:\/\/api.w.org\/{rel}","templated":true}]}}